{"id":1128,"date":"2024-07-11T18:01:17","date_gmt":"2024-07-11T16:01:17","guid":{"rendered":"https:\/\/escape-artist.de\/?page_id=1128"},"modified":"2024-07-17T20:25:48","modified_gmt":"2024-07-17T18:25:48","slug":"geburtstag","status":"publish","type":"page","link":"https:\/\/escape-artist.de\/en\/wiesbaden\/geburtstag\/","title":{"rendered":"Birthday Events"},"content":{"rendered":"<div class=\"wpb-content-wrapper\"><section class=\"l-section wpb_row height_auto width_full\"><div class=\"l-section-h i-cf\"><div class=\"g-cols vc_row type_default valign_top\"><div class=\"vc_col-sm-12 wpb_column vc_column_container\"><div class=\"vc_column-inner\"><div class=\"wpb_wrapper\">\n\t\t\t<!-- START Geburtstag REVOLUTION SLIDER 6.6.20 --><p class=\"rs-p-wp-fix\"><\/p>\n\t\t\t<rs-module-wrap id=\"rev_slider_13_1_wrapper\" data-source=\"gallery\" style=\"visibility:hidden;background:transparent;padding:0;margin:0px auto;margin-top:0;margin-bottom:0;\">\n\t\t\t\t<rs-module id=\"rev_slider_13_1\" style=\"\" data-version=\"6.6.20\">\n\t\t\t\t\t<rs-slides style=\"overflow: hidden; position: absolute;\">\n\t\t\t\t\t\t<rs-slide style=\"position: absolute;\" data-key=\"rs-14\" data-title=\"Slide\" data-duration=\"6000\" data-anim=\"ms:600;r:0;\" data-in=\"o:0;\" data-out=\"a:false;\">\n\t\t\t\t\t\t\t<img decoding=\"async\" src=\"\/\/escape-artist.de\/wp-content\/plugins\/revslider\/public\/assets\/assets\/dummy.png\" alt=\"\" title=\"Birthday Events\" class=\"rev-slidebg tp-rs-img rs-lazyload\" data-lazyload=\"\/\/escape-artist.de\/wp-content\/uploads\/2018\/10\/i-Stock-522332135-min.jpg\" data-parallax=\"7\" data-no-retina>\n<!--\n\t\t\t\t\t\t\t--><rs-layer\n\t\t\t\t\t\t\t\tid=\"slider-13-slide-14-layer-2\" \n\t\t\t\t\t\t\t\tclass=\"rs-pxl-5\"\n\t\t\t\t\t\t\t\tdata-type=\"text\"\n\t\t\t\t\t\t\t\tdata-color=\"#ffffff\"\n\t\t\t\t\t\t\t\tdata-rsp_ch=\"on\"\n\t\t\t\t\t\t\t\tdata-xy=\"x:c;y:c;\"\n\t\t\t\t\t\t\t\tdata-text=\"s:40;l:50;a:center;\"\n\t\t\t\t\t\t\t\tdata-frame_0=\"o:1;tp:600;\"\n\t\t\t\t\t\t\t\tdata-frame_0_chars=\"d:10;o:0;\"\n\t\t\t\t\t\t\t\tdata-frame_1=\"tp:600;sp:1500;sR:10;\"\n\t\t\t\t\t\t\t\tdata-frame_1_chars=\"d:10;\"\n\t\t\t\t\t\t\t\tdata-frame_999=\"o:0;tp:600;st:w;sp:1500;sR:3390;\"\n\t\t\t\t\t\t\t\tstyle=\"z-index:6;font-family:'Roboto';\"\n\t\t\t\t\t\t\t>Birthday Events \n\t\t\t\t\t\t\t<\/rs-layer><!--\n\n\t\t\t\t\t\t\t--><rs-layer\n\t\t\t\t\t\t\t\tid=\"slider-13-slide-14-layer-3\" \n\t\t\t\t\t\t\t\tclass=\"tp-shape tp-shapewrapper rs-pxl-5\"\n\t\t\t\t\t\t\t\tdata-type=\"shape\"\n\t\t\t\t\t\t\t\tdata-rsp_ch=\"on\"\n\t\t\t\t\t\t\t\tdata-xy=\"x:c;y:c;\"\n\t\t\t\t\t\t\t\tdata-text=\"a:inherit;\"\n\t\t\t\t\t\t\t\tdata-dim=\"w:1051px;h:106px;\"\n\t\t\t\t\t\t\t\tdata-frame_0=\"tp:600;\"\n\t\t\t\t\t\t\t\tdata-frame_1=\"tp:600;sR:10;\"\n\t\t\t\t\t\t\t\tdata-frame_999=\"o:0;tp:600;st:w;sR:5690;\"\n\t\t\t\t\t\t\t\tstyle=\"z-index:5;background:linear-gradient(90deg, rgba(2,2,2,0.1) 0%, rgba(2,2,2,0.1) 10%, rgba(2,2,2,0.5) 30%, rgba(2,2,2,0.7) 40%, rgba(2,2,2,0.7) 60%, rgba(2,2,2,0.5) 70%, rgba(2,2,2,0.1) 90%, rgba(2,2,2,0.1) 100%);\"\n\t\t\t\t\t\t\t> \n\t\t\t\t\t\t\t<\/rs-layer><!--\n-->\t\t\t\t\t\t<\/rs-slide>\n\t\t\t\t\t<\/rs-slides>\n\t\t\t\t<\/rs-module>\n\t\t\t\t<script>\n\t\t\t\t\tsetREVStartSize({c: 'rev_slider_13_1',rl:[1240,1024,778,480],el:[568],gw:[1240],gh:[568],type:'standard',justify:'',layout:'fullwidth',mh:\"0\"});if (window.RS_MODULES!==undefined && window.RS_MODULES.modules!==undefined && window.RS_MODULES.modules[\"revslider131\"]!==undefined) {window.RS_MODULES.modules[\"revslider131\"].once = false;window.revapi13 = undefined;if (window.RS_MODULES.checkMinimal!==undefined) window.RS_MODULES.checkMinimal()}\n\t\t\t\t<\/script>\n\t\t\t<\/rs-module-wrap>\n\t\t\t<!-- END REVOLUTION SLIDER -->\n<\/div><\/div><\/div><\/div><\/div><\/section><!-- Row Backgrounds --><div class=\"upb_color\" data-bg-override=\"0\" data-bg-color=\"\" data-fadeout=\"\" data-fadeout-percentage=\"30\" data-parallax-content=\"\" data-parallax-content-sense=\"30\" data-row-effect-mobile-disable=\"true\" data-img-parallax-mobile-disable=\"true\" data-rtl=\"false\"  data-custom-vc-row=\"\"  data-vc=\"7.4\"  data-is_old_vc=\"\"  data-theme-support=\"\"   data-overlay=\"false\" data-overlay-color=\"\" data-overlay-pattern=\"\" data-overlay-pattern-opacity=\"\" data-overlay-pattern-size=\"\"    data-seperator=\"true\"  data-seperator-type=\"multi_triangle_seperator\"  data-seperator-shape-size=\"40\"  data-seperator-svg-height=\"60\"  data-seperator-full-width=\"true\" data-seperator-position=\"bottom_seperator\"  data-seperator-background-color=\"#fff\"  data-icon=\"\"  ><\/div><section class=\"l-section wpb_row height_medium\"><div class=\"l-section-h i-cf\"><div class=\"g-cols vc_row type_default valign_top\"><div class=\"vc_col-sm-6 wpb_column vc_column_container\"><div class=\"vc_column-inner\"><div class=\"wpb_wrapper\"><div class=\"wpb_text_column\"><div class=\"wpb_wrapper\"><p>Do you want your child to have a memorable birthday?<\/p>\n<p>Escape Artist will help you to create an unforgettable experience for kids.<\/p>\n<p>Unsere R\u00e4ume &#8220;Sherlock Holmes&#8221; und &#8220;\u00dcberfall im Museum&#8221; haben keine Altersbeschr\u00e4nkung. Sherlock Holmes ist f\u00fcr bis zu 8 Spieler zzgl Begleitperson und Museum f\u00fcr bis zu 6 Spieler zzgl Begleitperson geeignet.<br \/>\nYou are welcome to book both rooms at the same time to dive into the world of Escape Artist!<\/p>\n<p>Der Special Preis gilt an folgenden Tagen:<\/p>\n<p>Donnerstags: 15:00 \/ 17:00 Uhr<br \/>\nFreitags: 15:00 \/ 17:00 Uhr<br \/>\nSamstags: 11:00 Uhr<br \/>\nSonntags: 11:00 \/ 13:00 \/ 15:00 Uhr<\/p>\n<p>Ist die gew\u00fcnschte Zeit ausgebucht? Probiert es an einem anderen Tag oder bucht es regul\u00e4r. Der Special Preis gilt nur an den oben genannten Tagen.<\/p>\n<p>Aus versicherungstechnischen Gr\u00fcnden muss bei unter 14 j\u00e4hrigen Kids eine voll zahlende Begleitperson mit im Raum dabei sein.<\/p>\n<p>How does a children&#039;s birthday party work?<\/p>\n<\/div><\/div><\/div><\/div><\/div><div class=\"vc_col-sm-6 wpb_column vc_column_container\"><div class=\"vc_column-inner\"><div class=\"wpb_wrapper\"><div class=\"w-slider style_none\"><div class=\"w-slider-h\"><div class=\"royalSlider\"><div class=\"rsContent\"><a class=\"rsImg\" data-rsw=\"882\" data-rsh=\"588\" href=\"https:\/\/escape-artist.de\/wp-content\/uploads\/2022\/03\/photo_2022-02-22_12-49-11.jpg\"><span data-alt=\"\"><\/span><\/a><\/div><\/div><img decoding=\"async\" src=\"https:\/\/escape-artist.de\/wp-content\/uploads\/2022\/03\/photo_2022-02-22_12-49-11.jpg\" alt=\"\"><\/div><div class=\"w-slider-json\" onclick='return {&quot;loop&quot;:true,&quot;fadeInLoadedSlide&quot;:false,&quot;slidesSpacing&quot;:0,&quot;imageScalePadding&quot;:0,&quot;numImagesToPreload&quot;:2,&quot;arrowsNav&quot;:false,&quot;arrowsNavAutoHide&quot;:false,&quot;transitionType&quot;:&quot;fade&quot;,&quot;transitionSpeed&quot;:300,&quot;block&quot;:{&quot;moveEffect&quot;:&quot;none&quot;,&quot;speed&quot;:300},&quot;controlNavigation&quot;:&quot;none&quot;,&quot;autoplay&quot;:{&quot;enabled&quot;:true,&quot;pauseOnHover&quot;:true,&quot;delay&quot;:4000},&quot;imageScaleMode&quot;:&quot;fit-if-smaller&quot;,&quot;autoScaleSlider&quot;:true,&quot;autoScaleSliderWidth&quot;:882,&quot;autoScaleSliderHeight&quot;:588,&quot;fitInViewport&quot;:false}'><\/div><\/div><\/div><\/div><\/div><div class=\"vc_col-sm-12 wpb_column vc_column_container\"><div class=\"vc_column-inner\"><div class=\"wpb_wrapper\"><div class=\"w-separator size_custom\" style=\"height:16px;\"><\/div><div class=\"aio-icon-component    style_1\"><div id=\"Info-box-wrap-3571\" class=\"aio-icon-box default-icon\" style=\"\"  ><div class=\"aio-icon-default\"><div class=\"ult-just-icon-wrapper\"><div class=\"align-icon\" style=\"text-align:center;\">\n<div class=\"aio-icon none\"  style=\"color:#9e6819;font-size:24px;display:inline-block;\">\n\t<i class=\"Defaults-cog gear\"><\/i>\n<\/div><\/div><\/div><\/div><div class=\"aio-icon-header\" ><h3 class=\"aio-icon-title ult-responsive\"  data-ultimate-target='#Info-box-wrap-3571 .aio-icon-title'  data-responsive-json-new='{\"font-size\":\"desktop:18px;\",\"line-height\":\"\"}'  style=\"font-weight:bold;\">15-minute briefing before the game, explaining how best to solve puzzles and what kids have to watch out for<\/h3><\/div> <!-- header --><\/div> <!-- aio-icon-box --><\/div> <!-- aio-icon-component --><div class=\"aio-icon-component    style_1\"><div id=\"Info-box-wrap-5551\" class=\"aio-icon-box default-icon\" style=\"\"  ><div class=\"aio-icon-default\"><div class=\"ult-just-icon-wrapper\"><div class=\"align-icon\" style=\"text-align:center;\">\n<div class=\"aio-icon none\"  style=\"color:#9e6819;font-size:24px;display:inline-block;\">\n\t<i class=\"Defaults-cog gear\"><\/i>\n<\/div><\/div><\/div><\/div><div class=\"aio-icon-header\" ><h3 class=\"aio-icon-title ult-responsive\"  data-ultimate-target='#Info-box-wrap-5551 .aio-icon-title'  data-responsive-json-new='{\"font-size\":\"desktop:18px;\",\"line-height\":\"\"}'  style=\"font-weight:bold;\">The game begins and kids have 60 minutes to solve all the tricky puzzles as a team<\/h3><\/div> <!-- header --><\/div> <!-- aio-icon-box --><\/div> <!-- aio-icon-component --><div class=\"aio-icon-component    style_1\"><div id=\"Info-box-wrap-5121\" class=\"aio-icon-box default-icon\" style=\"\"  ><div class=\"aio-icon-default\"><div class=\"ult-just-icon-wrapper\"><div class=\"align-icon\" style=\"text-align:center;\">\n<div class=\"aio-icon none\"  style=\"color:#9e6819;font-size:24px;display:inline-block;\">\n\t<i class=\"Defaults-cog gear\"><\/i>\n<\/div><\/div><\/div><\/div><div class=\"aio-icon-header\" ><h3 class=\"aio-icon-title ult-responsive\"  data-ultimate-target='#Info-box-wrap-5121 .aio-icon-title'  data-responsive-json-new='{\"font-size\":\"desktop:18px;\",\"line-height\":\"\"}'  style=\"font-weight:bold;\">Kids are under video and audio control by our game master, who gives tips if kids get stuck<\/h3><\/div> <!-- header --><\/div> <!-- aio-icon-box --><\/div> <!-- aio-icon-component --><div class=\"aio-icon-component    style_1\"><div id=\"Info-box-wrap-5781\" class=\"aio-icon-box default-icon\" style=\"\"  ><div class=\"aio-icon-default\"><div class=\"ult-just-icon-wrapper\"><div class=\"align-icon\" style=\"text-align:center;\">\n<div class=\"aio-icon none\"  style=\"color:#9e6819;font-size:24px;display:inline-block;\">\n\t<i class=\"Defaults-cog gear\"><\/i>\n<\/div><\/div><\/div><\/div><div class=\"aio-icon-header\" ><h3 class=\"aio-icon-title ult-responsive\"  data-ultimate-target='#Info-box-wrap-5781 .aio-icon-title'  data-responsive-json-new='{\"font-size\":\"desktop:18px;\",\"line-height\":\"\"}'  style=\"font-weight:bold;\">After the game there is a winning photo in the escape room you played and the game officials are available for questions. Especially kids who are enthusiastic about technology get their money&#039;s worth here. This also takes about 15 minutes<\/h3><\/div> <!-- header --><\/div> <!-- aio-icon-box --><\/div> <!-- aio-icon-component --><div class=\"wpb_text_column\"><div class=\"wpb_wrapper\"><p>An escape room is not only a fun activity, but also trains soft skills such as:<\/p>\n<\/div><\/div><div class=\"aio-icon-component    style_1\"><div id=\"Info-box-wrap-2525\" class=\"aio-icon-box default-icon\" style=\"\"  ><div class=\"aio-icon-default\"><div class=\"ult-just-icon-wrapper\"><div class=\"align-icon\" style=\"text-align:center;\">\n<div class=\"aio-icon none\"  style=\"color:#9e6819;font-size:24px;display:inline-block;\">\n\t<i class=\"Defaults-cog gear\"><\/i>\n<\/div><\/div><\/div><\/div><div class=\"aio-icon-header\" ><h3 class=\"aio-icon-title ult-responsive\"  data-ultimate-target='#Info-box-wrap-2525 .aio-icon-title'  data-responsive-json-new='{\"font-size\":\"desktop:18px;\",\"line-height\":\"\"}'  style=\"font-weight:bold;\">Logical and attentiveness<\/h3><\/div> <!-- header --><\/div> <!-- aio-icon-box --><\/div> <!-- aio-icon-component --><div class=\"aio-icon-component    style_1\"><div id=\"Info-box-wrap-2886\" class=\"aio-icon-box default-icon\" style=\"\"  ><div class=\"aio-icon-default\"><div class=\"ult-just-icon-wrapper\"><div class=\"align-icon\" style=\"text-align:center;\">\n<div class=\"aio-icon none\"  style=\"color:#9e6819;font-size:24px;display:inline-block;\">\n\t<i class=\"Defaults-cog gear\"><\/i>\n<\/div><\/div><\/div><\/div><div class=\"aio-icon-header\" ><h3 class=\"aio-icon-title ult-responsive\"  data-ultimate-target='#Info-box-wrap-2886 .aio-icon-title'  data-responsive-json-new='{\"font-size\":\"desktop:18px;\",\"line-height\":\"\"}'  style=\"font-weight:bold;\">Out of the box thinking<\/h3><\/div> <!-- header --><\/div> <!-- aio-icon-box --><\/div> <!-- aio-icon-component --><div class=\"aio-icon-component    style_1\"><div id=\"Info-box-wrap-2386\" class=\"aio-icon-box default-icon\" style=\"\"  ><div class=\"aio-icon-default\"><div class=\"ult-just-icon-wrapper\"><div class=\"align-icon\" style=\"text-align:center;\">\n<div class=\"aio-icon none\"  style=\"color:#9e6819;font-size:24px;display:inline-block;\">\n\t<i class=\"Defaults-cog gear\"><\/i>\n<\/div><\/div><\/div><\/div><div class=\"aio-icon-header\" ><h3 class=\"aio-icon-title ult-responsive\"  data-ultimate-target='#Info-box-wrap-2386 .aio-icon-title'  data-responsive-json-new='{\"font-size\":\"desktop:18px;\",\"line-height\":\"\"}'  style=\"font-weight:bold;\">Teamwork<\/h3><\/div> <!-- header --><\/div> <!-- aio-icon-box --><\/div> <!-- aio-icon-component --><div class=\"aio-icon-component    style_1\"><div id=\"Info-box-wrap-3784\" class=\"aio-icon-box default-icon\" style=\"\"  ><div class=\"aio-icon-default\"><div class=\"ult-just-icon-wrapper\"><div class=\"align-icon\" style=\"text-align:center;\">\n<div class=\"aio-icon none\"  style=\"color:#9e6819;font-size:24px;display:inline-block;\">\n\t<i class=\"Defaults-cog gear\"><\/i>\n<\/div><\/div><\/div><\/div><div class=\"aio-icon-header\" ><h3 class=\"aio-icon-title ult-responsive\"  data-ultimate-target='#Info-box-wrap-3784 .aio-icon-title'  data-responsive-json-new='{\"font-size\":\"desktop:18px;\",\"line-height\":\"\"}'  style=\"font-weight:bold;\">Mutual support<\/h3><\/div> <!-- header --><\/div> <!-- aio-icon-box --><\/div> <!-- aio-icon-component --><div class=\"aio-icon-component    style_1\"><div id=\"Info-box-wrap-4506\" class=\"aio-icon-box default-icon\" style=\"\"  ><div class=\"aio-icon-default\"><div class=\"ult-just-icon-wrapper\"><div class=\"align-icon\" style=\"text-align:center;\">\n<div class=\"aio-icon none\"  style=\"color:#9e6819;font-size:24px;display:inline-block;\">\n\t<i class=\"Defaults-cog gear\"><\/i>\n<\/div><\/div><\/div><\/div><div class=\"aio-icon-header\" ><h3 class=\"aio-icon-title ult-responsive\"  data-ultimate-target='#Info-box-wrap-4506 .aio-icon-title'  data-responsive-json-new='{\"font-size\":\"desktop:18px;\",\"line-height\":\"\"}'  style=\"font-weight:bold;\">Imagination and reactions<\/h3><\/div> <!-- header --><\/div> <!-- aio-icon-box --><\/div> <!-- aio-icon-component --><div class=\"wpb_text_column\"><div class=\"wpb_wrapper\"><p>More than 800 birthdays that we were allowed to hold speak for themselves!<\/p>\n<p>Children over the age of 14 are allowed to play in the escape rooms themselves; for insurance reasons, younger guests must have an adult in the room.<\/p>\n<p>Instruction starts 15 minutes before the game. That means you have to arrive to the location 15 minutes before the game starts!<\/p>\n<p>McDonalds and Kentucky Fried Chicken are 5 minutes from us.<\/p>\n<p>Unfortunately, we do not have an additional room where you can celebrate your event.<\/p>\n<\/div><\/div><div class=\"ubtn-ctn-center but1\"><a class=\"ubtn-link ult-adjust-bottom-margin ubtn-center ubtn-normal but1\" href=\"https:\/\/escape-artist.de\/wiesbaden\/buchen\/\" ><button type=\"button\" id=\"ubtn-6630\"  class=\"ubtn ult-adjust-bottom-margin ult-responsive ubtn-normal ubtn-center-hz-bg  none  ubtn-center   tooltip-69df0b4b11663\"  data-hover=\"#ffffff\" data-border-color=\"rgba(0,0,0,0.01)\" data-bg=\"#c09f55\" data-hover-bg=\"#6f4f29\" data-border-hover=\"rgba(0,0,0,0.01)\" data-shadow-hover=\"\" data-shadow-click=\"none\" data-shadow=\"\" data-shd-shadow=\"\"  data-ultimate-target='#ubtn-6630'  data-responsive-json-new='{\"font-size\":\"desktop:18px;\",\"line-height\":\"\"}'  style=\"font-weight:bold;border-radius:4px;border-width:1px;border-color:rgba(0,0,0,0.01);border-style:solid;background: #c09f55;color: #000000;\"><span class=\"ubtn-hover\" style=\"background-color:#6f4f29\"><\/span><span class=\"ubtn-data ubtn-text\" >Book now<\/span><\/button><\/a><\/div><div class=\"w-separator size_custom\" style=\"height:32px;\"><\/div><\/div><\/div><\/div><\/div><\/div><\/section>\n<\/div>","protected":false},"excerpt":{"rendered":"Geburtstag Wollt ihr, dass Euer Kind einen richtig au\u00dfergew\u00f6hnlichen Geburtstag erlebt? Escape Artist hilft Euch dabei ein unvergessliches Erlebnis auf die Beine zu stellen von dem die Kids noch einige Zeit schw\u00e4rmen werden! Unsere R\u00e4ume &#8220;Sherlock Holmes&#8221; und &#8220;\u00dcberfall im Museum&#8221; haben keine Altersbeschr\u00e4nkung. Sherlock Holmes ist f\u00fcr bis zu 8 Spieler zzgl Begleitperson und...","protected":false},"author":1,"featured_media":0,"parent":1038,"menu_order":0,"comment_status":"closed","ping_status":"closed","template":"","meta":{"footnotes":""},"class_list":["post-1128","page","type-page","status-publish","hentry"],"yoast_head":"<!-- This site is optimized with the Yoast SEO plugin v23.8 - https:\/\/yoast.com\/wordpress\/plugins\/seo\/ -->\n<title>Geburtstag - Escape Artist<\/title>\n<meta name=\"robots\" content=\"index, follow, max-snippet:-1, max-image-preview:large, max-video-preview:-1\" \/>\n<link rel=\"canonical\" href=\"https:\/\/escape-artist.de\/en\/wiesbaden\/geburtstag\/\" \/>\n<meta property=\"og:locale\" content=\"en_US\" \/>\n<meta property=\"og:type\" content=\"article\" \/>\n<meta property=\"og:title\" content=\"Geburtstag - Escape Artist\" \/>\n<meta property=\"og:url\" content=\"https:\/\/escape-artist.de\/en\/wiesbaden\/geburtstag\/\" \/>\n<meta property=\"og:site_name\" content=\"Escape Artist\" \/>\n<meta property=\"article:modified_time\" content=\"2024-07-17T18:25:48+00:00\" \/>\n<meta name=\"twitter:card\" content=\"summary_large_image\" \/>\n<meta name=\"twitter:label1\" content=\"Est. reading time\" \/>\n\t<meta name=\"twitter:data1\" content=\"3 minutes\" \/>\n<script type=\"application\/ld+json\" class=\"yoast-schema-graph\">{\"@context\":\"https:\/\/schema.org\",\"@graph\":[{\"@type\":\"WebPage\",\"@id\":\"https:\/\/escape-artist.de\/wiesbaden\/geburtstag\/\",\"url\":\"https:\/\/escape-artist.de\/wiesbaden\/geburtstag\/\",\"name\":\"Geburtstag - Escape Artist\",\"isPartOf\":{\"@id\":\"https:\/\/escape-artist.de\/#website\"},\"datePublished\":\"2024-07-11T16:01:17+00:00\",\"dateModified\":\"2024-07-17T18:25:48+00:00\",\"breadcrumb\":{\"@id\":\"https:\/\/escape-artist.de\/wiesbaden\/geburtstag\/#breadcrumb\"},\"inLanguage\":\"en-US\",\"potentialAction\":[{\"@type\":\"ReadAction\",\"target\":[\"https:\/\/escape-artist.de\/wiesbaden\/geburtstag\/\"]}]},{\"@type\":\"BreadcrumbList\",\"@id\":\"https:\/\/escape-artist.de\/wiesbaden\/geburtstag\/#breadcrumb\",\"itemListElement\":[{\"@type\":\"ListItem\",\"position\":1,\"name\":\"Startseite\",\"item\":\"https:\/\/escape-artist.de\/\"},{\"@type\":\"ListItem\",\"position\":2,\"name\":\"Wiesbaden\",\"item\":\"https:\/\/escape-artist.de\/wiesbaden\/\"},{\"@type\":\"ListItem\",\"position\":3,\"name\":\"Geburtstag\"}]},{\"@type\":\"WebSite\",\"@id\":\"https:\/\/escape-artist.de\/#website\",\"url\":\"https:\/\/escape-artist.de\/\",\"name\":\"Escape Artist\",\"description\":\"Come in and try to get out!\",\"potentialAction\":[{\"@type\":\"SearchAction\",\"target\":{\"@type\":\"EntryPoint\",\"urlTemplate\":\"https:\/\/escape-artist.de\/?s={search_term_string}\"},\"query-input\":{\"@type\":\"PropertyValueSpecification\",\"valueRequired\":true,\"valueName\":\"search_term_string\"}}],\"inLanguage\":\"en-US\"}]}<\/script>\n<!-- \/ Yoast SEO plugin. -->","yoast_head_json":{"title":"Geburtstag - Escape Artist","robots":{"index":"index","follow":"follow","max-snippet":"max-snippet:-1","max-image-preview":"max-image-preview:large","max-video-preview":"max-video-preview:-1"},"canonical":"https:\/\/escape-artist.de\/en\/wiesbaden\/geburtstag\/","og_locale":"en_US","og_type":"article","og_title":"Geburtstag - Escape Artist","og_url":"https:\/\/escape-artist.de\/en\/wiesbaden\/geburtstag\/","og_site_name":"Escape Artist","article_modified_time":"2024-07-17T18:25:48+00:00","twitter_card":"summary_large_image","twitter_misc":{"Est. reading time":"3 minutes"},"schema":{"@context":"https:\/\/schema.org","@graph":[{"@type":"WebPage","@id":"https:\/\/escape-artist.de\/wiesbaden\/geburtstag\/","url":"https:\/\/escape-artist.de\/wiesbaden\/geburtstag\/","name":"Geburtstag - Escape Artist","isPartOf":{"@id":"https:\/\/escape-artist.de\/#website"},"datePublished":"2024-07-11T16:01:17+00:00","dateModified":"2024-07-17T18:25:48+00:00","breadcrumb":{"@id":"https:\/\/escape-artist.de\/wiesbaden\/geburtstag\/#breadcrumb"},"inLanguage":"en-US","potentialAction":[{"@type":"ReadAction","target":["https:\/\/escape-artist.de\/wiesbaden\/geburtstag\/"]}]},{"@type":"BreadcrumbList","@id":"https:\/\/escape-artist.de\/wiesbaden\/geburtstag\/#breadcrumb","itemListElement":[{"@type":"ListItem","position":1,"name":"Startseite","item":"https:\/\/escape-artist.de\/"},{"@type":"ListItem","position":2,"name":"Wiesbaden","item":"https:\/\/escape-artist.de\/wiesbaden\/"},{"@type":"ListItem","position":3,"name":"Geburtstag"}]},{"@type":"WebSite","@id":"https:\/\/escape-artist.de\/#website","url":"https:\/\/escape-artist.de\/","name":"Escape Artist","description":"Come in and try to get out!","potentialAction":[{"@type":"SearchAction","target":{"@type":"EntryPoint","urlTemplate":"https:\/\/escape-artist.de\/?s={search_term_string}"},"query-input":{"@type":"PropertyValueSpecification","valueRequired":true,"valueName":"search_term_string"}}],"inLanguage":"en-US"}]}},"_links":{"self":[{"href":"https:\/\/escape-artist.de\/en\/wp-json\/wp\/v2\/pages\/1128"}],"collection":[{"href":"https:\/\/escape-artist.de\/en\/wp-json\/wp\/v2\/pages"}],"about":[{"href":"https:\/\/escape-artist.de\/en\/wp-json\/wp\/v2\/types\/page"}],"author":[{"embeddable":true,"href":"https:\/\/escape-artist.de\/en\/wp-json\/wp\/v2\/users\/1"}],"replies":[{"embeddable":true,"href":"https:\/\/escape-artist.de\/en\/wp-json\/wp\/v2\/comments?post=1128"}],"version-history":[{"count":4,"href":"https:\/\/escape-artist.de\/en\/wp-json\/wp\/v2\/pages\/1128\/revisions"}],"predecessor-version":[{"id":1231,"href":"https:\/\/escape-artist.de\/en\/wp-json\/wp\/v2\/pages\/1128\/revisions\/1231"}],"up":[{"embeddable":true,"href":"https:\/\/escape-artist.de\/en\/wp-json\/wp\/v2\/pages\/1038"}],"wp:attachment":[{"href":"https:\/\/escape-artist.de\/en\/wp-json\/wp\/v2\/media?parent=1128"}],"curies":[{"name":"wp","href":"https:\/\/api.w.org\/{rel}","templated":true}]}}