{"id":1131,"date":"2024-07-11T18:02:27","date_gmt":"2024-07-11T16:02:27","guid":{"rendered":"https:\/\/escape-artist.de\/?page_id=1131"},"modified":"2024-07-11T18:02:27","modified_gmt":"2024-07-11T16:02:27","slug":"impressum","status":"publish","type":"page","link":"https:\/\/escape-artist.de\/en\/wiesbaden\/impressum\/","title":{"rendered":"Imprint"},"content":{"rendered":"<div class=\"wpb-content-wrapper\"><section class=\"l-section wpb_row height_medium\"><div class=\"l-section-h i-cf\"><div class=\"g-cols vc_row type_default valign_top\"><div class=\"vc_col-sm-12 wpb_column vc_column_container\"><div class=\"vc_column-inner\"><div class=\"wpb_wrapper\"><div class=\"w-separator size_custom\" style=\"height:64px;\"><\/div><div class=\"wpb_text_column\"><div class=\"wpb_wrapper\"><h1>Imprint<\/h1>\n<div class=\"fusion-text\">\n<p>Escape Artist is an offer from EnMa Entertainment Manufaktur GmbH<\/p>\n<p>Information according to \u00a7 5 TMG<\/p>\n<p><b>Operator and representative:<\/b><\/p>\n<p>EnMa Entertainment Manufaktur GmbH<br \/>\nNarrow way 50<br \/>\n55252 Mainz Kastel<\/p>\n<div>E-mail: <a href=\"mailto:info@escape-artist.de\">info@escape-artist.de<\/a><\/div>\n<div>Telephone number: 0162-9391732<\/div>\n<div><\/div>\n<p>(Management: Milana Sotir)<\/p>\n<p>Tax number: 40 232 55279<\/p>\n<div>Handelsregisternummer: HRB 33782<\/div>\n<div>Zust\u00e4ndiges Gericht: Amtsgericht Wiesbaden<\/div>\n<div><\/div>\n<p><b>Image rights:<\/b><\/p>\n<p>All images are subject to copyright protection and may only be published if the author is named.<\/p>\n<p>Image source: istockphoto.com<\/p>\n<p><strong>Liability for content:<\/strong><\/p>\n<p>The contents of our pages were created with great care. However, we cannot guarantee that the content is correct, complete or up-to-date. As a service provider, we are responsible for our own content on these pages according to Section 7, Paragraph 1 of the German Telemedia Act (TMG). According to \u00a7\u00a7 8 to 10 TMG, however, we as a service provider are not obliged to monitor transmitted or stored third-party information or to investigate circumstances that indicate illegal activity. Obligations to remove or block the use of information according to general laws remain unaffected. However, liability in this regard is only possible from the point in time at which knowledge of a specific infringement of the law is known. As soon as we become aware of any violations of the law, we will remove this content immediately.<\/p>\n<p><strong>Liability for links :<\/strong><\/p>\n<p>Our offer contains links to external third-party websites, the content of which we have no influence on. Therefore we cannot assume any liability for this external content. The respective provider or operator of the pages is always responsible for the content of the linked pages. The linked pages were checked for possible legal violations at the time of linking. Illegal content was not recognizable at the time of linking. However, a permanent control of the content of the linked pages is not reasonable without concrete evidence of an infringement. As soon as we become aware of legal violations, we will remove such links immediately.<\/p>\n<p><strong>Copyright:<\/strong><\/p>\n<p>The content and works on these pages created by the site operators are subject to German copyright law. The duplication, editing, distribution and any kind of exploitation outside the limits of copyright require the written consent of the respective author or creator. Downloads and copies of this site are only permitted for private, non-commercial use. Insofar as the content on this site was not created by the operator, the copyrights of third parties are observed. In particular contents of third parties are marked as such. Should you nevertheless become aware of a copyright infringement, we ask that you inform us accordingly. As soon as we become aware of legal violations, we will remove such content immediately.<\/p>\n<\/div>\n<\/div><\/div><\/div><\/div><\/div><\/div><\/div><\/section>\n<\/div>","protected":false},"excerpt":{"rendered":"Impressum Escape Artist ist ein\u00a0Angebot\u00a0der EnMa Entertainment Manufaktur GmbH Angaben gem. \u00a7 5 TMG Betreiber und Vertretung: EnMa Entertainment Manufaktur GmbH Schmalweg 50 55252 Mainz Kastel E-Mail: info@escape-artist.de Rufnummer: 0162-9391732 (Gesch\u00e4ftsf\u00fchrung: Milana Sotir) Steuernummer: 40 232 55279 Handelsregisternummer: HRB 33782 Zust\u00e4ndiges Gericht: Amtsgericht Wiesbaden Bildrechte: S\u00e4mtliche Bilder obliegen dem Urheberschutz und d\u00fcrfen nur unter Nennung...","protected":false},"author":1,"featured_media":0,"parent":1038,"menu_order":0,"comment_status":"closed","ping_status":"closed","template":"","meta":{"footnotes":""},"class_list":["post-1131","page","type-page","status-publish","hentry"],"yoast_head":"<!-- This site is optimized with the Yoast SEO plugin v23.8 - https:\/\/yoast.com\/wordpress\/plugins\/seo\/ -->\n<title>Impressum - Escape Artist<\/title>\n<meta name=\"robots\" content=\"index, follow, max-snippet:-1, max-image-preview:large, max-video-preview:-1\" \/>\n<link rel=\"canonical\" href=\"https:\/\/escape-artist.de\/en\/wiesbaden\/impressum\/\" \/>\n<meta property=\"og:locale\" content=\"en_US\" \/>\n<meta property=\"og:type\" content=\"article\" \/>\n<meta property=\"og:title\" content=\"Impressum - Escape Artist\" \/>\n<meta property=\"og:url\" content=\"https:\/\/escape-artist.de\/en\/wiesbaden\/impressum\/\" \/>\n<meta property=\"og:site_name\" content=\"Escape Artist\" \/>\n<meta name=\"twitter:card\" content=\"summary_large_image\" \/>\n<meta name=\"twitter:label1\" content=\"Est. reading time\" \/>\n\t<meta name=\"twitter:data1\" content=\"3 minutes\" \/>\n<script type=\"application\/ld+json\" class=\"yoast-schema-graph\">{\"@context\":\"https:\/\/schema.org\",\"@graph\":[{\"@type\":\"WebPage\",\"@id\":\"https:\/\/escape-artist.de\/wiesbaden\/impressum\/\",\"url\":\"https:\/\/escape-artist.de\/wiesbaden\/impressum\/\",\"name\":\"Impressum - Escape Artist\",\"isPartOf\":{\"@id\":\"https:\/\/escape-artist.de\/#website\"},\"datePublished\":\"2024-07-11T16:02:27+00:00\",\"dateModified\":\"2024-07-11T16:02:27+00:00\",\"breadcrumb\":{\"@id\":\"https:\/\/escape-artist.de\/wiesbaden\/impressum\/#breadcrumb\"},\"inLanguage\":\"en-US\",\"potentialAction\":[{\"@type\":\"ReadAction\",\"target\":[\"https:\/\/escape-artist.de\/wiesbaden\/impressum\/\"]}]},{\"@type\":\"BreadcrumbList\",\"@id\":\"https:\/\/escape-artist.de\/wiesbaden\/impressum\/#breadcrumb\",\"itemListElement\":[{\"@type\":\"ListItem\",\"position\":1,\"name\":\"Startseite\",\"item\":\"https:\/\/escape-artist.de\/\"},{\"@type\":\"ListItem\",\"position\":2,\"name\":\"Wiesbaden\",\"item\":\"https:\/\/escape-artist.de\/wiesbaden\/\"},{\"@type\":\"ListItem\",\"position\":3,\"name\":\"Impressum\"}]},{\"@type\":\"WebSite\",\"@id\":\"https:\/\/escape-artist.de\/#website\",\"url\":\"https:\/\/escape-artist.de\/\",\"name\":\"Escape Artist\",\"description\":\"Come in and try to get out!\",\"potentialAction\":[{\"@type\":\"SearchAction\",\"target\":{\"@type\":\"EntryPoint\",\"urlTemplate\":\"https:\/\/escape-artist.de\/?s={search_term_string}\"},\"query-input\":{\"@type\":\"PropertyValueSpecification\",\"valueRequired\":true,\"valueName\":\"search_term_string\"}}],\"inLanguage\":\"en-US\"}]}<\/script>\n<!-- \/ Yoast SEO plugin. -->","yoast_head_json":{"title":"Impressum - Escape Artist","robots":{"index":"index","follow":"follow","max-snippet":"max-snippet:-1","max-image-preview":"max-image-preview:large","max-video-preview":"max-video-preview:-1"},"canonical":"https:\/\/escape-artist.de\/en\/wiesbaden\/impressum\/","og_locale":"en_US","og_type":"article","og_title":"Impressum - Escape Artist","og_url":"https:\/\/escape-artist.de\/en\/wiesbaden\/impressum\/","og_site_name":"Escape Artist","twitter_card":"summary_large_image","twitter_misc":{"Est. reading time":"3 minutes"},"schema":{"@context":"https:\/\/schema.org","@graph":[{"@type":"WebPage","@id":"https:\/\/escape-artist.de\/wiesbaden\/impressum\/","url":"https:\/\/escape-artist.de\/wiesbaden\/impressum\/","name":"Impressum - Escape Artist","isPartOf":{"@id":"https:\/\/escape-artist.de\/#website"},"datePublished":"2024-07-11T16:02:27+00:00","dateModified":"2024-07-11T16:02:27+00:00","breadcrumb":{"@id":"https:\/\/escape-artist.de\/wiesbaden\/impressum\/#breadcrumb"},"inLanguage":"en-US","potentialAction":[{"@type":"ReadAction","target":["https:\/\/escape-artist.de\/wiesbaden\/impressum\/"]}]},{"@type":"BreadcrumbList","@id":"https:\/\/escape-artist.de\/wiesbaden\/impressum\/#breadcrumb","itemListElement":[{"@type":"ListItem","position":1,"name":"Startseite","item":"https:\/\/escape-artist.de\/"},{"@type":"ListItem","position":2,"name":"Wiesbaden","item":"https:\/\/escape-artist.de\/wiesbaden\/"},{"@type":"ListItem","position":3,"name":"Impressum"}]},{"@type":"WebSite","@id":"https:\/\/escape-artist.de\/#website","url":"https:\/\/escape-artist.de\/","name":"Escape Artist","description":"Come in and try to get out!","potentialAction":[{"@type":"SearchAction","target":{"@type":"EntryPoint","urlTemplate":"https:\/\/escape-artist.de\/?s={search_term_string}"},"query-input":{"@type":"PropertyValueSpecification","valueRequired":true,"valueName":"search_term_string"}}],"inLanguage":"en-US"}]}},"_links":{"self":[{"href":"https:\/\/escape-artist.de\/en\/wp-json\/wp\/v2\/pages\/1131"}],"collection":[{"href":"https:\/\/escape-artist.de\/en\/wp-json\/wp\/v2\/pages"}],"about":[{"href":"https:\/\/escape-artist.de\/en\/wp-json\/wp\/v2\/types\/page"}],"author":[{"embeddable":true,"href":"https:\/\/escape-artist.de\/en\/wp-json\/wp\/v2\/users\/1"}],"replies":[{"embeddable":true,"href":"https:\/\/escape-artist.de\/en\/wp-json\/wp\/v2\/comments?post=1131"}],"version-history":[{"count":1,"href":"https:\/\/escape-artist.de\/en\/wp-json\/wp\/v2\/pages\/1131\/revisions"}],"predecessor-version":[{"id":1164,"href":"https:\/\/escape-artist.de\/en\/wp-json\/wp\/v2\/pages\/1131\/revisions\/1164"}],"up":[{"embeddable":true,"href":"https:\/\/escape-artist.de\/en\/wp-json\/wp\/v2\/pages\/1038"}],"wp:attachment":[{"href":"https:\/\/escape-artist.de\/en\/wp-json\/wp\/v2\/media?parent=1131"}],"curies":[{"name":"wp","href":"https:\/\/api.w.org\/{rel}","templated":true}]}}