{"id":1132,"date":"2024-07-11T18:02:41","date_gmt":"2024-07-11T16:02:41","guid":{"rendered":"https:\/\/escape-artist.de\/?page_id=1132"},"modified":"2024-07-17T20:29:21","modified_gmt":"2024-07-17T18:29:21","slug":"info","status":"publish","type":"page","link":"https:\/\/escape-artist.de\/en\/wiesbaden\/info\/","title":{"rendered":"Info"},"content":{"rendered":"<div class=\"wpb-content-wrapper\"><section class=\"l-section wpb_row height_medium\"><div class=\"l-section-h i-cf\"><div class=\"g-cols vc_row type_default valign_top\"><div class=\"vc_col-sm-12 wpb_column vc_column_container\"><div class=\"vc_column-inner\"><div class=\"wpb_wrapper\"><div class=\"wpb_text_column\"><div class=\"wpb_wrapper\"><h2><span class=\"EOP SCXW218729923\">That's why to choose Escape Artist in Wiesbaden!<\/span><\/h2>\n<p>Our location is the biggest in Wiesbaden. The rooms <i>Sherlock Holmes <\/i>and\u00a0<i>Survival Game <\/i>have been equipped with an elaborate and extremely sophisticated technology that literally brings the room to life and let you forget about everything else. A parallel world awaits you with lots of fun and at least as much thrill!<\/p>\n<p>&nbsp;<\/p>\n<p>By the way: Thanks to the close proximity to the Rhineland-Palatinate capital, our escape rooms are also suitable for Mainz, Frankfurt and surrounding areas.<\/p>\n<p>Our escape rooms are also perfect for Darmstadt. After all, the metropolis is only a stone&#039;s throw away from the Hessian state capital. A trip with sightseeing, an extensive shopping tour and pure thrills - can the weekend be much nicer?!<\/p>\n<p>&nbsp;<\/p>\n<p><b>Our Escape Games in Wiesbaden are great for:<\/b><\/p>\n<ul>\n<li>birthdays<\/li>\n<li>bachelor parties<\/li>\n<li>corporate parties<\/li>\n<li>christmas parties<\/li>\n<li>team buildings<\/li>\n<\/ul>\n<p>In addition, Escape Artist is perfect solution if you have planned a trip to the state capital, to Mainz or Darmstadt and the weather is throwing a spanner in the works. What are you waiting for? Visit us and put your mental skills to the test!<\/p>\n<\/div><\/div><div class=\"ubtn-ctn-center but1\"><a class=\"ubtn-link ult-adjust-bottom-margin ubtn-center ubtn-normal but1\" href=\"https:\/\/escape-artist.de\/wiesbaden\/buchen\/\" ><button type=\"button\" id=\"ubtn-8658\"  class=\"ubtn ult-adjust-bottom-margin ult-responsive ubtn-normal ubtn-center-hz-bg  none  ubtn-center   tooltip-69e1a5f3281d5\"  data-hover=\"#ffffff\" data-border-color=\"rgba(0,0,0,0.01)\" data-bg=\"#c09f55\" data-hover-bg=\"#6f4f29\" data-border-hover=\"rgba(0,0,0,0.01)\" data-shadow-hover=\"\" data-shadow-click=\"none\" data-shadow=\"\" data-shd-shadow=\"\"  data-ultimate-target='#ubtn-8658'  data-responsive-json-new='{\"font-size\":\"desktop:18px;\",\"line-height\":\"\"}'  style=\"font-weight:bold;border-radius:4px;border-width:1px;border-color:rgba(0,0,0,0.01);border-style:solid;background: #c09f55;color: #000000;\"><span class=\"ubtn-hover\" style=\"background-color:#6f4f29\"><\/span><span class=\"ubtn-data ubtn-text\" >Book Now<\/span><\/button><\/a><\/div><div class=\"wpb_text_column\"><div class=\"wpb_wrapper\"><h3><span class=\"TextRun SCXW90488957\" lang=\"DE-DE\" xml:lang=\"DE-DE\"><span class=\"NormalTextRun SCXW90488957\">Unforgettable experience with the Escape Artist\u00a0<\/span><\/span><span class=\"TextRun SCXW90488957\" lang=\"DE-DE\" xml:lang=\"DE-DE\"><span class=\"NormalTextRun SCXW90488957\">-\u00a0<\/span><\/span><span class=\"TextRun SCXW90488957\" lang=\"DE-DE\" xml:lang=\"DE-DE\"><span class=\"NormalTextRun SCXW90488957\">you\u00a0<\/span><\/span><span class=\"TextRun SCXW90488957\" lang=\"DE-DE\" xml:lang=\"DE-DE\"><span class=\"NormalTextRun SCXW90488957\">only have to choose escape room,\u00a0<\/span><\/span><span class=\"TextRun SCXW90488957\" lang=\"DE-DE\" xml:lang=\"DE-DE\"><span class=\"NormalTextRun SCXW90488957\">date and time.<\/span><\/span><span class=\"TextRun SCXW90488957\" lang=\"DE-DE\" xml:lang=\"DE-DE\"><span class=\"NormalTextRun SCXW90488957\">Please<\/span><\/span><span class=\"TextRun SCXW90488957\" lang=\"DE-DE\" xml:lang=\"DE-DE\"><span class=\"NormalTextRun SCXW90488957\">\u00a0<\/span><\/span><span class=\"TextRun SCXW90488957\" lang=\"DE-DE\" xml:lang=\"DE-DE\"><span class=\"NormalTextRun SCXW90488957\">Contact us<\/span><\/span><span class=\"TextRun SCXW90488957\" lang=\"DE-DE\" xml:lang=\"DE-DE\"><span class=\"NormalTextRun SCXW90488957\">\u00a0if you need help or have any questions. Our team will be happy to assist.<\/span><\/span><span class=\"EOP SCXW90488957\">\u00a0<\/span><\/h3>\n<p>Are you planning a birthday party, a bachelor party or another event? Welcome to Escape Artist! With us, the day will be unforgettable - that's what we stand for with our name! It's best to register right away so that you can push your mental limits tomorrow. You have more time to register, but in our Escape Room in Wiesbaden you only have 60 minutes to solve the puzzles. Are you ready to the challenge?<\/p>\n<ul>\n<li>If you have any questions, please do not hesitate to contact us!<\/li>\n<\/ul>\n<\/div><\/div><\/div><\/div><\/div><\/div><\/div><\/section>\n<\/div>","protected":false},"excerpt":{"rendered":"Deswegen zu Escape Artist in Wiesbaden! Unsere Escape Rooms in Wiesbaden sind etwas ganz Besonderes. Die R\u00e4ume Sherlock Holmes und\u00a0Survival Game wurden mit einer aufw\u00e4ndigen und \u00e4u\u00dferst raffinierten Technik ausgestattet, die den Raum wortw\u00f6rtlich zum Leben erweckt und euch alles andere vergessen l\u00e4sst. Auf Euch wartet eine Parallelwelt mit jeder Menge Spa\u00df und mindestens genauso...","protected":false},"author":1,"featured_media":0,"parent":1038,"menu_order":0,"comment_status":"closed","ping_status":"closed","template":"","meta":{"footnotes":""},"class_list":["post-1132","page","type-page","status-publish","hentry"],"yoast_head":"<!-- This site is optimized with the Yoast SEO plugin v23.8 - https:\/\/yoast.com\/wordpress\/plugins\/seo\/ -->\n<title>Info - Escape Artist<\/title>\n<meta name=\"robots\" content=\"index, follow, max-snippet:-1, max-image-preview:large, max-video-preview:-1\" \/>\n<link rel=\"canonical\" href=\"https:\/\/escape-artist.de\/en\/wiesbaden\/info\/\" \/>\n<meta property=\"og:locale\" content=\"en_US\" \/>\n<meta property=\"og:type\" content=\"article\" \/>\n<meta property=\"og:title\" content=\"Info - Escape Artist\" \/>\n<meta property=\"og:url\" content=\"https:\/\/escape-artist.de\/en\/wiesbaden\/info\/\" \/>\n<meta property=\"og:site_name\" content=\"Escape Artist\" \/>\n<meta property=\"article:modified_time\" content=\"2024-07-17T18:29:21+00:00\" \/>\n<meta name=\"twitter:card\" content=\"summary_large_image\" \/>\n<meta name=\"twitter:label1\" content=\"Est. reading time\" \/>\n\t<meta name=\"twitter:data1\" content=\"2 minutes\" \/>\n<script type=\"application\/ld+json\" class=\"yoast-schema-graph\">{\"@context\":\"https:\/\/schema.org\",\"@graph\":[{\"@type\":\"WebPage\",\"@id\":\"https:\/\/escape-artist.de\/wiesbaden\/info\/\",\"url\":\"https:\/\/escape-artist.de\/wiesbaden\/info\/\",\"name\":\"Info - Escape Artist\",\"isPartOf\":{\"@id\":\"https:\/\/escape-artist.de\/#website\"},\"datePublished\":\"2024-07-11T16:02:41+00:00\",\"dateModified\":\"2024-07-17T18:29:21+00:00\",\"breadcrumb\":{\"@id\":\"https:\/\/escape-artist.de\/wiesbaden\/info\/#breadcrumb\"},\"inLanguage\":\"en-US\",\"potentialAction\":[{\"@type\":\"ReadAction\",\"target\":[\"https:\/\/escape-artist.de\/wiesbaden\/info\/\"]}]},{\"@type\":\"BreadcrumbList\",\"@id\":\"https:\/\/escape-artist.de\/wiesbaden\/info\/#breadcrumb\",\"itemListElement\":[{\"@type\":\"ListItem\",\"position\":1,\"name\":\"Startseite\",\"item\":\"https:\/\/escape-artist.de\/\"},{\"@type\":\"ListItem\",\"position\":2,\"name\":\"Wiesbaden\",\"item\":\"https:\/\/escape-artist.de\/wiesbaden\/\"},{\"@type\":\"ListItem\",\"position\":3,\"name\":\"Info\"}]},{\"@type\":\"WebSite\",\"@id\":\"https:\/\/escape-artist.de\/#website\",\"url\":\"https:\/\/escape-artist.de\/\",\"name\":\"Escape Artist\",\"description\":\"Come in and try to get out!\",\"potentialAction\":[{\"@type\":\"SearchAction\",\"target\":{\"@type\":\"EntryPoint\",\"urlTemplate\":\"https:\/\/escape-artist.de\/?s={search_term_string}\"},\"query-input\":{\"@type\":\"PropertyValueSpecification\",\"valueRequired\":true,\"valueName\":\"search_term_string\"}}],\"inLanguage\":\"en-US\"}]}<\/script>\n<!-- \/ Yoast SEO plugin. -->","yoast_head_json":{"title":"Info - Escape Artist","robots":{"index":"index","follow":"follow","max-snippet":"max-snippet:-1","max-image-preview":"max-image-preview:large","max-video-preview":"max-video-preview:-1"},"canonical":"https:\/\/escape-artist.de\/en\/wiesbaden\/info\/","og_locale":"en_US","og_type":"article","og_title":"Info - Escape Artist","og_url":"https:\/\/escape-artist.de\/en\/wiesbaden\/info\/","og_site_name":"Escape Artist","article_modified_time":"2024-07-17T18:29:21+00:00","twitter_card":"summary_large_image","twitter_misc":{"Est. reading time":"2 minutes"},"schema":{"@context":"https:\/\/schema.org","@graph":[{"@type":"WebPage","@id":"https:\/\/escape-artist.de\/wiesbaden\/info\/","url":"https:\/\/escape-artist.de\/wiesbaden\/info\/","name":"Info - Escape Artist","isPartOf":{"@id":"https:\/\/escape-artist.de\/#website"},"datePublished":"2024-07-11T16:02:41+00:00","dateModified":"2024-07-17T18:29:21+00:00","breadcrumb":{"@id":"https:\/\/escape-artist.de\/wiesbaden\/info\/#breadcrumb"},"inLanguage":"en-US","potentialAction":[{"@type":"ReadAction","target":["https:\/\/escape-artist.de\/wiesbaden\/info\/"]}]},{"@type":"BreadcrumbList","@id":"https:\/\/escape-artist.de\/wiesbaden\/info\/#breadcrumb","itemListElement":[{"@type":"ListItem","position":1,"name":"Startseite","item":"https:\/\/escape-artist.de\/"},{"@type":"ListItem","position":2,"name":"Wiesbaden","item":"https:\/\/escape-artist.de\/wiesbaden\/"},{"@type":"ListItem","position":3,"name":"Info"}]},{"@type":"WebSite","@id":"https:\/\/escape-artist.de\/#website","url":"https:\/\/escape-artist.de\/","name":"Escape Artist","description":"Come in and try to get out!","potentialAction":[{"@type":"SearchAction","target":{"@type":"EntryPoint","urlTemplate":"https:\/\/escape-artist.de\/?s={search_term_string}"},"query-input":{"@type":"PropertyValueSpecification","valueRequired":true,"valueName":"search_term_string"}}],"inLanguage":"en-US"}]}},"_links":{"self":[{"href":"https:\/\/escape-artist.de\/en\/wp-json\/wp\/v2\/pages\/1132"}],"collection":[{"href":"https:\/\/escape-artist.de\/en\/wp-json\/wp\/v2\/pages"}],"about":[{"href":"https:\/\/escape-artist.de\/en\/wp-json\/wp\/v2\/types\/page"}],"author":[{"embeddable":true,"href":"https:\/\/escape-artist.de\/en\/wp-json\/wp\/v2\/users\/1"}],"replies":[{"embeddable":true,"href":"https:\/\/escape-artist.de\/en\/wp-json\/wp\/v2\/comments?post=1132"}],"version-history":[{"count":2,"href":"https:\/\/escape-artist.de\/en\/wp-json\/wp\/v2\/pages\/1132\/revisions"}],"predecessor-version":[{"id":1235,"href":"https:\/\/escape-artist.de\/en\/wp-json\/wp\/v2\/pages\/1132\/revisions\/1235"}],"up":[{"embeddable":true,"href":"https:\/\/escape-artist.de\/en\/wp-json\/wp\/v2\/pages\/1038"}],"wp:attachment":[{"href":"https:\/\/escape-artist.de\/en\/wp-json\/wp\/v2\/media?parent=1132"}],"curies":[{"name":"wp","href":"https:\/\/api.w.org\/{rel}","templated":true}]}}