{"id":1135,"date":"2024-07-11T18:03:47","date_gmt":"2024-07-11T16:03:47","guid":{"rendered":"https:\/\/escape-artist.de\/?page_id=1135"},"modified":"2026-01-05T20:51:29","modified_gmt":"2026-01-05T19:51:29","slug":"preise","status":"publish","type":"page","link":"https:\/\/escape-artist.de\/en\/wiesbaden\/preise\/","title":{"rendered":"Prices"},"content":{"rendered":"<div class=\"wpb-content-wrapper\"><section class=\"l-section wpb_row height_auto width_full\"><div class=\"l-section-h i-cf\"><div class=\"g-cols vc_row type_default valign_top\"><div class=\"vc_col-sm-12 wpb_column vc_column_container\"><div class=\"vc_column-inner\"><div class=\"wpb_wrapper\">\n\t\t\t<!-- START Preise REVOLUTION SLIDER 6.6.20 --><p class=\"rs-p-wp-fix\"><\/p>\n\t\t\t<rs-module-wrap id=\"rev_slider_5_1_wrapper\" data-source=\"gallery\" style=\"visibility:hidden;background:transparent;padding:0;margin:0px auto;margin-top:0;margin-bottom:0;\">\n\t\t\t\t<rs-module id=\"rev_slider_5_1\" style=\"\" data-version=\"6.6.20\">\n\t\t\t\t\t<rs-slides style=\"overflow: hidden; position: absolute;\">\n\t\t\t\t\t\t<rs-slide style=\"position: absolute;\" data-key=\"rs-6\" data-title=\"Slide\" data-duration=\"6000\" data-anim=\"adpr:false;\">\n\t\t\t\t\t\t\t<img decoding=\"async\" src=\"\/\/escape-artist.de\/wp-content\/plugins\/revslider\/public\/assets\/assets\/dummy.png\" alt=\"\" title=\"Prices\" class=\"rev-slidebg tp-rs-img rs-lazyload\" data-lazyload=\"\/\/escape-artist.de\/wp-content\/uploads\/2018\/10\/bau-dreckig-eisen-159188.jpg\" data-parallax=\"7\" data-no-retina>\n<!--\n\t\t\t\t\t\t\t--><rs-layer\n\t\t\t\t\t\t\t\tid=\"slider-5-slide-6-layer-3\" \n\t\t\t\t\t\t\t\tclass=\"tp-shape tp-shapewrapper rs-pxl-5\"\n\t\t\t\t\t\t\t\tdata-type=\"shape\"\n\t\t\t\t\t\t\t\tdata-rsp_ch=\"on\"\n\t\t\t\t\t\t\t\tdata-xy=\"x:c;y:c;\"\n\t\t\t\t\t\t\t\tdata-text=\"a:inherit;\"\n\t\t\t\t\t\t\t\tdata-dim=\"w:1051px;h:106px;\"\n\t\t\t\t\t\t\t\tdata-frame_0=\"tp:600;\"\n\t\t\t\t\t\t\t\tdata-frame_1=\"tp:600;sR:10;\"\n\t\t\t\t\t\t\t\tdata-frame_999=\"o:0;tp:600;st:w;sR:5690;\"\n\t\t\t\t\t\t\t\tstyle=\"z-index:5;background:linear-gradient(90deg, rgba(2,2,2,0.1) 0%, rgba(2,2,2,0.1) 10%, rgba(2,2,2,0.5) 30%, rgba(2,2,2,0.7) 40%, rgba(2,2,2,0.7) 60%, rgba(2,2,2,0.5) 70%, rgba(2,2,2,0.1) 90%, rgba(2,2,2,0.1) 100%);\"\n\t\t\t\t\t\t\t> \n\t\t\t\t\t\t\t<\/rs-layer><!--\n\n\t\t\t\t\t\t\t--><rs-layer\n\t\t\t\t\t\t\t\tid=\"slider-5-slide-6-layer-2\" \n\t\t\t\t\t\t\t\tclass=\"rs-pxl-5\"\n\t\t\t\t\t\t\t\tdata-type=\"text\"\n\t\t\t\t\t\t\t\tdata-color=\"#ffffff\"\n\t\t\t\t\t\t\t\tdata-rsp_ch=\"on\"\n\t\t\t\t\t\t\t\tdata-xy=\"x:c;y:c;\"\n\t\t\t\t\t\t\t\tdata-text=\"s:40;l:50;a:center;\"\n\t\t\t\t\t\t\t\tdata-frame_0=\"o:1;tp:600;\"\n\t\t\t\t\t\t\t\tdata-frame_0_chars=\"d:10;o:0;\"\n\t\t\t\t\t\t\t\tdata-frame_1=\"tp:600;sp:1500;sR:10;\"\n\t\t\t\t\t\t\t\tdata-frame_1_chars=\"d:10;\"\n\t\t\t\t\t\t\t\tdata-frame_999=\"o:0;tp:600;st:w;sp:1500;sR:3990;\"\n\t\t\t\t\t\t\t\tstyle=\"z-index:6;font-family:'';\"\n\t\t\t\t\t\t\t>Prices \n\t\t\t\t\t\t\t<\/rs-layer><!--\n-->\t\t\t\t\t\t<\/rs-slide>\n\t\t\t\t\t<\/rs-slides>\n\t\t\t\t<\/rs-module>\n\t\t\t\t<script>\n\t\t\t\t\tsetREVStartSize({c: 'rev_slider_5_1',rl:[1240,1024,778,480],el:[568],gw:[1240],gh:[568],type:'standard',justify:'',layout:'fullwidth',mh:\"0\"});if (window.RS_MODULES!==undefined && window.RS_MODULES.modules!==undefined && window.RS_MODULES.modules[\"revslider51\"]!==undefined) {window.RS_MODULES.modules[\"revslider51\"].once = false;window.revapi5 = undefined;if (window.RS_MODULES.checkMinimal!==undefined) window.RS_MODULES.checkMinimal()}\n\t\t\t\t<\/script>\n\t\t\t<\/rs-module-wrap>\n\t\t\t<!-- END REVOLUTION SLIDER -->\n<\/div><\/div><\/div><\/div><\/div><\/section><!-- Row Backgrounds --><div class=\"upb_color\" data-bg-override=\"0\" data-bg-color=\"\" data-fadeout=\"\" data-fadeout-percentage=\"30\" data-parallax-content=\"\" data-parallax-content-sense=\"30\" data-row-effect-mobile-disable=\"true\" data-img-parallax-mobile-disable=\"true\" data-rtl=\"false\"  data-custom-vc-row=\"\"  data-vc=\"7.4\"  data-is_old_vc=\"\"  data-theme-support=\"\"   data-overlay=\"false\" data-overlay-color=\"\" data-overlay-pattern=\"\" data-overlay-pattern-opacity=\"\" data-overlay-pattern-size=\"\"    data-seperator=\"true\"  data-seperator-type=\"multi_triangle_seperator\"  data-seperator-shape-size=\"40\"  data-seperator-svg-height=\"60\"  data-seperator-full-width=\"true\" data-seperator-position=\"bottom_seperator\"  data-seperator-background-color=\"#fff\"  data-icon=\"\"  ><\/div><section class=\"l-section wpb_row height_medium width_full preise-row\"><div class=\"l-section-h i-cf\"><div class=\"g-cols vc_row type_default valign_top\"><div class=\"vc_col-sm-3 wpb_column vc_column_container\"><div class=\"vc_column-inner\"><div class=\"wpb_wrapper\"><div class=\"w-image preise-img-left align_none\"><div class=\"w-image-h\"><img loading=\"lazy\" decoding=\"async\" width=\"2560\" height=\"2287\" src=\"https:\/\/escape-artist.de\/wp-content\/uploads\/2022\/04\/preise-img-left-scaled.jpg\" class=\"attachment-full size-full\" alt=\"\" srcset=\"https:\/\/escape-artist.de\/wp-content\/uploads\/2022\/04\/preise-img-left-scaled.jpg 2560w, https:\/\/escape-artist.de\/wp-content\/uploads\/2022\/04\/preise-img-left-300x268.jpg 300w, https:\/\/escape-artist.de\/wp-content\/uploads\/2022\/04\/preise-img-left-1024x915.jpg 1024w, https:\/\/escape-artist.de\/wp-content\/uploads\/2022\/04\/preise-img-left-1536x1372.jpg 1536w, https:\/\/escape-artist.de\/wp-content\/uploads\/2022\/04\/preise-img-left-2048x1830.jpg 2048w, https:\/\/escape-artist.de\/wp-content\/uploads\/2022\/04\/preise-img-left-600x536.jpg 600w\" sizes=\"(max-width: 2560px) 100vw, 2560px\" \/><\/div><\/div><\/div><\/div><\/div><div class=\"vc_col-sm-6 wpb_column vc_column_container\"><div class=\"vc_column-inner\"><div class=\"wpb_wrapper\"><div class=\"wpb_text_column\"><div class=\"wpb_wrapper\"><div class=\"section-preise\">\n<h1>Prices<\/h1>\n<p><span style=\"font-weight: 400;\">Price for 1-3 players:<\/span> \u20ac100,00<br \/>\n<span style=\"font-weight: 400;\">4 players<\/span>: \u20ac130,00<br \/>\n<span style=\"font-weight: 400;\">5 players<\/span>: \u20ac160,00<br \/>\n6 <span style=\"font-weight: 400;\">players<\/span>: \u20ac190,00<br \/>\n7 <span style=\"font-weight: 400;\">players<\/span>: \u20ac220,00<br \/>\n8 <span style=\"font-weight: 400;\">players<\/span>: \u20ac240,00<\/p>\n<h4 class=\"preise-h4\">Payment options:<\/h4>\n<ul>\n<li>Cash payment on site<\/li>\n<li>Credit card payment before the game<\/li>\n<li>Bank transfer before the game<\/li>\n<\/ul>\n<p><strong>If you have any additional questions please contact us: info@escape-artist.de<\/strong><\/p>\n<\/div>\n<\/div><\/div><\/div><\/div><\/div><div class=\"vc_col-sm-3 wpb_column vc_column_container\"><div class=\"vc_column-inner\"><div class=\"wpb_wrapper\"><div class=\"w-image preise-img-right align_none\"><div class=\"w-image-h\"><img loading=\"lazy\" decoding=\"async\" width=\"2449\" height=\"2560\" src=\"https:\/\/escape-artist.de\/wp-content\/uploads\/2022\/04\/preise-img-right-scaled.jpg\" class=\"attachment-full size-full\" alt=\"\" srcset=\"https:\/\/escape-artist.de\/wp-content\/uploads\/2022\/04\/preise-img-right-scaled.jpg 2449w, https:\/\/escape-artist.de\/wp-content\/uploads\/2022\/04\/preise-img-right-287x300.jpg 287w, https:\/\/escape-artist.de\/wp-content\/uploads\/2022\/04\/preise-img-right-980x1024.jpg 980w, https:\/\/escape-artist.de\/wp-content\/uploads\/2022\/04\/preise-img-right-1469x1536.jpg 1469w, https:\/\/escape-artist.de\/wp-content\/uploads\/2022\/04\/preise-img-right-1959x2048.jpg 1959w, https:\/\/escape-artist.de\/wp-content\/uploads\/2022\/04\/preise-img-right-600x627.jpg 600w\" sizes=\"(max-width: 2449px) 100vw, 2449px\" \/><\/div><\/div><\/div><\/div><\/div><\/div><\/div><\/section><!-- Row Backgrounds --><section class=\"l-section wpb_row height_medium with_overlay\"><div class=\"l-section-overlay\" style=\"background: rgba(255,255,255,0.49)\"><\/div><div class=\"l-section-h i-cf\"><div class=\"g-cols vc_row type_default valign_top\"><div class=\"vc_col-sm-12 wpb_column vc_column_container\"><div class=\"vc_column-inner\"><div class=\"wpb_wrapper\"><div class=\"ubtn-ctn-center but1\"><a class=\"ubtn-link ult-adjust-bottom-margin ubtn-center ubtn-normal but1\" href=\"https:\/\/escape-artist.de\/wiesbaden\/buchen\/\" ><button type=\"button\" id=\"ubtn-5816\"  class=\"ubtn ult-adjust-bottom-margin ult-responsive ubtn-normal ubtn-center-hz-bg  none  ubtn-center   tooltip-69df06de8df99\"  data-hover=\"#ffffff\" data-border-color=\"rgba(0,0,0,0.01)\" data-bg=\"#c09f55\" data-hover-bg=\"#6f4f29\" data-border-hover=\"rgba(0,0,0,0.01)\" data-shadow-hover=\"\" data-shadow-click=\"none\" data-shadow=\"\" data-shd-shadow=\"\"  data-ultimate-target='#ubtn-5816'  data-responsive-json-new='{\"font-size\":\"desktop:18px;\",\"line-height\":\"\"}'  style=\"font-weight:bold;border-radius:4px;border-width:1px;border-color:rgba(0,0,0,0.01);border-style:solid;background: #c09f55;color: #000000;\"><span class=\"ubtn-hover\" style=\"background-color:#6f4f29\"><\/span><span class=\"ubtn-data ubtn-text\" >Book now<\/span><\/button><\/a><\/div><\/div><\/div><\/div><\/div><\/div><\/section><!-- Row Backgrounds --><div class=\"upb_color\" data-bg-override=\"0\" data-bg-color=\"\" data-fadeout=\"\" data-fadeout-percentage=\"30\" data-parallax-content=\"\" data-parallax-content-sense=\"30\" data-row-effect-mobile-disable=\"true\" data-img-parallax-mobile-disable=\"true\" data-rtl=\"false\"  data-custom-vc-row=\"\"  data-vc=\"7.4\"  data-is_old_vc=\"\"  data-theme-support=\"\"   data-overlay=\"false\" data-overlay-color=\"\" data-overlay-pattern=\"\" data-overlay-pattern-opacity=\"\" data-overlay-pattern-size=\"\"    ><\/div>\n<\/div>","protected":false},"excerpt":{"rendered":"Preise Preise Preis 1-3 Personen pro Raum: \u20ac100,00 4 Personen: \u20ac130,00 5 Personen: \u20ac160,00 6 Personen: \u20ac190,00 7 Personen: \u20ac220,00 8 Personen: \u20ac240,00 Zahlungsm\u00f6glichkeiten: Barzahlung vor Ort Kreditkartenzahlung vor dem Spiel \u00dcberweisung vor dem Spiel F\u00fcr Schulklassen bieten wir gesonderte Tarife an, bitte kontaktiert uns dazu unter: info@escape-artist.de Jetzt buchen","protected":false},"author":1,"featured_media":0,"parent":1038,"menu_order":0,"comment_status":"closed","ping_status":"closed","template":"","meta":{"footnotes":""},"class_list":["post-1135","page","type-page","status-publish","hentry"],"yoast_head":"<!-- This site is optimized with the Yoast SEO plugin v23.8 - https:\/\/yoast.com\/wordpress\/plugins\/seo\/ -->\n<title>Preise - Escape Artist<\/title>\n<meta name=\"robots\" content=\"index, follow, max-snippet:-1, max-image-preview:large, max-video-preview:-1\" \/>\n<link rel=\"canonical\" href=\"https:\/\/escape-artist.de\/en\/wiesbaden\/preise\/\" \/>\n<meta property=\"og:locale\" content=\"en_US\" \/>\n<meta property=\"og:type\" content=\"article\" \/>\n<meta property=\"og:title\" content=\"Preise - Escape Artist\" \/>\n<meta property=\"og:url\" content=\"https:\/\/escape-artist.de\/en\/wiesbaden\/preise\/\" \/>\n<meta property=\"og:site_name\" content=\"Escape Artist\" \/>\n<meta property=\"article:modified_time\" content=\"2026-01-05T19:51:29+00:00\" \/>\n<meta name=\"twitter:card\" content=\"summary_large_image\" \/>\n<meta name=\"twitter:label1\" content=\"Est. reading time\" \/>\n\t<meta name=\"twitter:data1\" content=\"1 minute\" \/>\n<script type=\"application\/ld+json\" class=\"yoast-schema-graph\">{\"@context\":\"https:\/\/schema.org\",\"@graph\":[{\"@type\":\"WebPage\",\"@id\":\"https:\/\/escape-artist.de\/wiesbaden\/preise\/\",\"url\":\"https:\/\/escape-artist.de\/wiesbaden\/preise\/\",\"name\":\"Preise - Escape Artist\",\"isPartOf\":{\"@id\":\"https:\/\/escape-artist.de\/#website\"},\"datePublished\":\"2024-07-11T16:03:47+00:00\",\"dateModified\":\"2026-01-05T19:51:29+00:00\",\"breadcrumb\":{\"@id\":\"https:\/\/escape-artist.de\/wiesbaden\/preise\/#breadcrumb\"},\"inLanguage\":\"en-US\",\"potentialAction\":[{\"@type\":\"ReadAction\",\"target\":[\"https:\/\/escape-artist.de\/wiesbaden\/preise\/\"]}]},{\"@type\":\"BreadcrumbList\",\"@id\":\"https:\/\/escape-artist.de\/wiesbaden\/preise\/#breadcrumb\",\"itemListElement\":[{\"@type\":\"ListItem\",\"position\":1,\"name\":\"Startseite\",\"item\":\"https:\/\/escape-artist.de\/\"},{\"@type\":\"ListItem\",\"position\":2,\"name\":\"Wiesbaden\",\"item\":\"https:\/\/escape-artist.de\/wiesbaden\/\"},{\"@type\":\"ListItem\",\"position\":3,\"name\":\"Preise\"}]},{\"@type\":\"WebSite\",\"@id\":\"https:\/\/escape-artist.de\/#website\",\"url\":\"https:\/\/escape-artist.de\/\",\"name\":\"Escape Artist\",\"description\":\"Come in and try to get out!\",\"potentialAction\":[{\"@type\":\"SearchAction\",\"target\":{\"@type\":\"EntryPoint\",\"urlTemplate\":\"https:\/\/escape-artist.de\/?s={search_term_string}\"},\"query-input\":{\"@type\":\"PropertyValueSpecification\",\"valueRequired\":true,\"valueName\":\"search_term_string\"}}],\"inLanguage\":\"en-US\"}]}<\/script>\n<!-- \/ Yoast SEO plugin. -->","yoast_head_json":{"title":"Preise - Escape Artist","robots":{"index":"index","follow":"follow","max-snippet":"max-snippet:-1","max-image-preview":"max-image-preview:large","max-video-preview":"max-video-preview:-1"},"canonical":"https:\/\/escape-artist.de\/en\/wiesbaden\/preise\/","og_locale":"en_US","og_type":"article","og_title":"Preise - Escape Artist","og_url":"https:\/\/escape-artist.de\/en\/wiesbaden\/preise\/","og_site_name":"Escape Artist","article_modified_time":"2026-01-05T19:51:29+00:00","twitter_card":"summary_large_image","twitter_misc":{"Est. reading time":"1 minute"},"schema":{"@context":"https:\/\/schema.org","@graph":[{"@type":"WebPage","@id":"https:\/\/escape-artist.de\/wiesbaden\/preise\/","url":"https:\/\/escape-artist.de\/wiesbaden\/preise\/","name":"Preise - Escape Artist","isPartOf":{"@id":"https:\/\/escape-artist.de\/#website"},"datePublished":"2024-07-11T16:03:47+00:00","dateModified":"2026-01-05T19:51:29+00:00","breadcrumb":{"@id":"https:\/\/escape-artist.de\/wiesbaden\/preise\/#breadcrumb"},"inLanguage":"en-US","potentialAction":[{"@type":"ReadAction","target":["https:\/\/escape-artist.de\/wiesbaden\/preise\/"]}]},{"@type":"BreadcrumbList","@id":"https:\/\/escape-artist.de\/wiesbaden\/preise\/#breadcrumb","itemListElement":[{"@type":"ListItem","position":1,"name":"Startseite","item":"https:\/\/escape-artist.de\/"},{"@type":"ListItem","position":2,"name":"Wiesbaden","item":"https:\/\/escape-artist.de\/wiesbaden\/"},{"@type":"ListItem","position":3,"name":"Preise"}]},{"@type":"WebSite","@id":"https:\/\/escape-artist.de\/#website","url":"https:\/\/escape-artist.de\/","name":"Escape Artist","description":"Come in and try to get out!","potentialAction":[{"@type":"SearchAction","target":{"@type":"EntryPoint","urlTemplate":"https:\/\/escape-artist.de\/?s={search_term_string}"},"query-input":{"@type":"PropertyValueSpecification","valueRequired":true,"valueName":"search_term_string"}}],"inLanguage":"en-US"}]}},"_links":{"self":[{"href":"https:\/\/escape-artist.de\/en\/wp-json\/wp\/v2\/pages\/1135"}],"collection":[{"href":"https:\/\/escape-artist.de\/en\/wp-json\/wp\/v2\/pages"}],"about":[{"href":"https:\/\/escape-artist.de\/en\/wp-json\/wp\/v2\/types\/page"}],"author":[{"embeddable":true,"href":"https:\/\/escape-artist.de\/en\/wp-json\/wp\/v2\/users\/1"}],"replies":[{"embeddable":true,"href":"https:\/\/escape-artist.de\/en\/wp-json\/wp\/v2\/comments?post=1135"}],"version-history":[{"count":4,"href":"https:\/\/escape-artist.de\/en\/wp-json\/wp\/v2\/pages\/1135\/revisions"}],"predecessor-version":[{"id":1317,"href":"https:\/\/escape-artist.de\/en\/wp-json\/wp\/v2\/pages\/1135\/revisions\/1317"}],"up":[{"embeddable":true,"href":"https:\/\/escape-artist.de\/en\/wp-json\/wp\/v2\/pages\/1038"}],"wp:attachment":[{"href":"https:\/\/escape-artist.de\/en\/wp-json\/wp\/v2\/media?parent=1135"}],"curies":[{"name":"wp","href":"https:\/\/api.w.org\/{rel}","templated":true}]}}