{"id":1144,"date":"2024-07-11T18:06:29","date_gmt":"2024-07-11T16:06:29","guid":{"rendered":"https:\/\/escape-artist.de\/?page_id=1144"},"modified":"2024-07-11T18:06:29","modified_gmt":"2024-07-11T16:06:29","slug":"widerrufsbelehrung","status":"publish","type":"page","link":"https:\/\/escape-artist.de\/en\/wiesbaden\/widerrufsbelehrung\/","title":{"rendered":"Widerrufsbelehrung"},"content":{"rendered":"<div class=\"wpb-content-wrapper\"><section class=\"l-section wpb_row height_medium\"><div class=\"l-section-h i-cf\"><div class=\"g-cols vc_row type_default valign_top\"><div class=\"vc_col-sm-12 wpb_column vc_column_container\"><div class=\"vc_column-inner\"><div class=\"wpb_wrapper\"><div class=\"wpb_text_column\"><div class=\"wpb_wrapper\"><h1><strong><u>Widerrufsbelehrung<\/u><\/strong><\/h1>\n<p><strong>Widerrufsrecht<\/strong><\/p>\n<p>Sie haben das Recht, binnen vierzehn Tagen ohne Angabe von Gr\u00fcnden diesen Vertrag zu widerrufen.<\/p>\n<p>Die Widerrufsfrist betr\u00e4gt vierzehn Tage ab dem Tag des Vertragsabschlusses.<\/p>\n<p>Um Ihr Widerrufsrecht auszu\u00fcben, m\u00fcssen Sie uns ( EnMa Entertainment Manufaktur GmbH Schmalweg 50 55252 Mainz Kastel; E-Mail: info@escape-artist.de ) mittels einer eindeutigen Erkl\u00e4rung (z. B. ein mit der Post versandter Brief, Telefax oder E-Mail) \u00fcber Ihren Entschluss, diesen Vertrag zu widerrufen, informieren. Sie k\u00f6nnen daf\u00fcr das beigef\u00fcgte Muster-Widerrufsformular verwenden, das jedoch nicht vorgeschrieben ist.<\/p>\n<p>Zur Wahrung der Widerrufsfrist reicht es aus, dass Sie die Mitteilung \u00fcber die Aus\u00fcbung des Widerrufsrechts vor Ablauf der Widerrufsfrist absenden.<\/p>\n<p><strong>Folgen des Widerrufs<\/strong><\/p>\n<p>Wenn Sie diesen Vertrag widerrufen, haben wir Ihnen alle Zahlungen, die wir von Ihnen erhalten haben, einschlie\u00dflich der Lieferkosten (mit Ausnahme der zus\u00e4tzlichen Kosten, die sich daraus ergeben, dass Sie eine andere Art der Lieferung als die von uns angebotene, g\u00fcnstigste Standardlieferung gew\u00e4hlt haben), unverz\u00fcglich und sp\u00e4testens binnen vierzehn Tagen ab dem Tag zur\u00fcckzuzahlen, an dem die Mitteilung \u00fcber Ihren Widerruf dieses Vertrags bei uns eingegangen ist. F\u00fcr diese R\u00fcckzahlung verwenden wir dasselbe Zahlungsmittel, das Sie bei der urspr\u00fcnglichen Transaktion eingesetzt haben, es sei denn, mit Ihnen wurde ausdr\u00fccklich etwas anderes vereinbart; in keinem Fall werden Ihnen wegen dieser R\u00fcckzahlung Entgelte berechnet.<\/p>\n<p><a href=\"https:\/\/escape-artist.de\/wp-content\/uploads\/2018\/12\/Widerrufsbelehrung-Formular.pdf\" target=\"_blank\" rel=\"noopener\"><strong>Formular hier downloaden<\/strong><\/a><\/p>\n<\/div><\/div><\/div><\/div><\/div><\/div><\/div><\/section>\n<\/div>","protected":false},"excerpt":{"rendered":"Widerrufsbelehrung Widerrufsrecht Sie haben das Recht, binnen vierzehn Tagen ohne Angabe von Gr\u00fcnden diesen Vertrag zu widerrufen. Die Widerrufsfrist betr\u00e4gt vierzehn Tage ab dem Tag des Vertragsabschlusses. Um Ihr Widerrufsrecht auszu\u00fcben, m\u00fcssen Sie uns ( EnMa Entertainment Manufaktur GmbH Schmalweg 50 55252 Mainz Kastel; E-Mail: info@escape-artist.de ) mittels einer eindeutigen Erkl\u00e4rung (z. B. ein mit...","protected":false},"author":1,"featured_media":0,"parent":1038,"menu_order":0,"comment_status":"closed","ping_status":"closed","template":"","meta":{"footnotes":""},"class_list":["post-1144","page","type-page","status-publish","hentry"],"yoast_head":"<!-- This site is optimized with the Yoast SEO plugin v23.8 - https:\/\/yoast.com\/wordpress\/plugins\/seo\/ -->\n<title>Widerrufsbelehrung - Escape Artist<\/title>\n<meta name=\"robots\" content=\"index, follow, max-snippet:-1, max-image-preview:large, max-video-preview:-1\" \/>\n<link rel=\"canonical\" href=\"https:\/\/escape-artist.de\/en\/wiesbaden\/widerrufsbelehrung\/\" \/>\n<meta property=\"og:locale\" content=\"en_US\" \/>\n<meta property=\"og:type\" content=\"article\" \/>\n<meta property=\"og:title\" content=\"Widerrufsbelehrung - Escape Artist\" \/>\n<meta property=\"og:url\" content=\"https:\/\/escape-artist.de\/en\/wiesbaden\/widerrufsbelehrung\/\" \/>\n<meta property=\"og:site_name\" content=\"Escape Artist\" \/>\n<meta name=\"twitter:card\" content=\"summary_large_image\" \/>\n<meta name=\"twitter:label1\" content=\"Est. reading time\" \/>\n\t<meta name=\"twitter:data1\" content=\"2 minutes\" \/>\n<script type=\"application\/ld+json\" class=\"yoast-schema-graph\">{\"@context\":\"https:\/\/schema.org\",\"@graph\":[{\"@type\":\"WebPage\",\"@id\":\"https:\/\/escape-artist.de\/wiesbaden\/widerrufsbelehrung\/\",\"url\":\"https:\/\/escape-artist.de\/wiesbaden\/widerrufsbelehrung\/\",\"name\":\"Widerrufsbelehrung - Escape Artist\",\"isPartOf\":{\"@id\":\"https:\/\/escape-artist.de\/#website\"},\"datePublished\":\"2024-07-11T16:06:29+00:00\",\"dateModified\":\"2024-07-11T16:06:29+00:00\",\"breadcrumb\":{\"@id\":\"https:\/\/escape-artist.de\/wiesbaden\/widerrufsbelehrung\/#breadcrumb\"},\"inLanguage\":\"en-US\",\"potentialAction\":[{\"@type\":\"ReadAction\",\"target\":[\"https:\/\/escape-artist.de\/wiesbaden\/widerrufsbelehrung\/\"]}]},{\"@type\":\"BreadcrumbList\",\"@id\":\"https:\/\/escape-artist.de\/wiesbaden\/widerrufsbelehrung\/#breadcrumb\",\"itemListElement\":[{\"@type\":\"ListItem\",\"position\":1,\"name\":\"Startseite\",\"item\":\"https:\/\/escape-artist.de\/\"},{\"@type\":\"ListItem\",\"position\":2,\"name\":\"Wiesbaden\",\"item\":\"https:\/\/escape-artist.de\/wiesbaden\/\"},{\"@type\":\"ListItem\",\"position\":3,\"name\":\"Widerrufsbelehrung\"}]},{\"@type\":\"WebSite\",\"@id\":\"https:\/\/escape-artist.de\/#website\",\"url\":\"https:\/\/escape-artist.de\/\",\"name\":\"Escape Artist\",\"description\":\"Come in and try to get out!\",\"potentialAction\":[{\"@type\":\"SearchAction\",\"target\":{\"@type\":\"EntryPoint\",\"urlTemplate\":\"https:\/\/escape-artist.de\/?s={search_term_string}\"},\"query-input\":{\"@type\":\"PropertyValueSpecification\",\"valueRequired\":true,\"valueName\":\"search_term_string\"}}],\"inLanguage\":\"en-US\"}]}<\/script>\n<!-- \/ Yoast SEO plugin. -->","yoast_head_json":{"title":"Widerrufsbelehrung - Escape Artist","robots":{"index":"index","follow":"follow","max-snippet":"max-snippet:-1","max-image-preview":"max-image-preview:large","max-video-preview":"max-video-preview:-1"},"canonical":"https:\/\/escape-artist.de\/en\/wiesbaden\/widerrufsbelehrung\/","og_locale":"en_US","og_type":"article","og_title":"Widerrufsbelehrung - Escape Artist","og_url":"https:\/\/escape-artist.de\/en\/wiesbaden\/widerrufsbelehrung\/","og_site_name":"Escape Artist","twitter_card":"summary_large_image","twitter_misc":{"Est. reading time":"2 minutes"},"schema":{"@context":"https:\/\/schema.org","@graph":[{"@type":"WebPage","@id":"https:\/\/escape-artist.de\/wiesbaden\/widerrufsbelehrung\/","url":"https:\/\/escape-artist.de\/wiesbaden\/widerrufsbelehrung\/","name":"Widerrufsbelehrung - Escape Artist","isPartOf":{"@id":"https:\/\/escape-artist.de\/#website"},"datePublished":"2024-07-11T16:06:29+00:00","dateModified":"2024-07-11T16:06:29+00:00","breadcrumb":{"@id":"https:\/\/escape-artist.de\/wiesbaden\/widerrufsbelehrung\/#breadcrumb"},"inLanguage":"en-US","potentialAction":[{"@type":"ReadAction","target":["https:\/\/escape-artist.de\/wiesbaden\/widerrufsbelehrung\/"]}]},{"@type":"BreadcrumbList","@id":"https:\/\/escape-artist.de\/wiesbaden\/widerrufsbelehrung\/#breadcrumb","itemListElement":[{"@type":"ListItem","position":1,"name":"Startseite","item":"https:\/\/escape-artist.de\/"},{"@type":"ListItem","position":2,"name":"Wiesbaden","item":"https:\/\/escape-artist.de\/wiesbaden\/"},{"@type":"ListItem","position":3,"name":"Widerrufsbelehrung"}]},{"@type":"WebSite","@id":"https:\/\/escape-artist.de\/#website","url":"https:\/\/escape-artist.de\/","name":"Escape Artist","description":"Come in and try to get out!","potentialAction":[{"@type":"SearchAction","target":{"@type":"EntryPoint","urlTemplate":"https:\/\/escape-artist.de\/?s={search_term_string}"},"query-input":{"@type":"PropertyValueSpecification","valueRequired":true,"valueName":"search_term_string"}}],"inLanguage":"en-US"}]}},"_links":{"self":[{"href":"https:\/\/escape-artist.de\/en\/wp-json\/wp\/v2\/pages\/1144"}],"collection":[{"href":"https:\/\/escape-artist.de\/en\/wp-json\/wp\/v2\/pages"}],"about":[{"href":"https:\/\/escape-artist.de\/en\/wp-json\/wp\/v2\/types\/page"}],"author":[{"embeddable":true,"href":"https:\/\/escape-artist.de\/en\/wp-json\/wp\/v2\/users\/1"}],"replies":[{"embeddable":true,"href":"https:\/\/escape-artist.de\/en\/wp-json\/wp\/v2\/comments?post=1144"}],"version-history":[{"count":1,"href":"https:\/\/escape-artist.de\/en\/wp-json\/wp\/v2\/pages\/1144\/revisions"}],"predecessor-version":[{"id":1177,"href":"https:\/\/escape-artist.de\/en\/wp-json\/wp\/v2\/pages\/1144\/revisions\/1177"}],"up":[{"embeddable":true,"href":"https:\/\/escape-artist.de\/en\/wp-json\/wp\/v2\/pages\/1038"}],"wp:attachment":[{"href":"https:\/\/escape-artist.de\/en\/wp-json\/wp\/v2\/media?parent=1144"}],"curies":[{"name":"wp","href":"https:\/\/api.w.org\/{rel}","templated":true}]}}