{"id":289,"date":"2018-11-20T11:57:22","date_gmt":"2018-11-20T10:57:22","guid":{"rendered":"https:\/\/escape-artist.de\/?page_id=289"},"modified":"2022-03-20T12:02:51","modified_gmt":"2022-03-20T11:02:51","slug":"gutscheine","status":"publish","type":"page","link":"https:\/\/escape-artist.de\/en\/gutscheine\/","title":{"rendered":"GiFt Cards"},"content":{"rendered":"<div class=\"wpb-content-wrapper\"><section class=\"l-section wpb_row height_auto width_full\"><div class=\"l-section-h i-cf\"><div class=\"g-cols vc_row type_default valign_top\"><div class=\"vc_col-sm-12 wpb_column vc_column_container\"><div class=\"vc_column-inner\"><div class=\"wpb_wrapper\">\n\t\t\t<!-- START Gutscheine REVOLUTION SLIDER 6.6.20 --><p class=\"rs-p-wp-fix\"><\/p>\n\t\t\t<rs-module-wrap id=\"rev_slider_9_1_wrapper\" data-source=\"gallery\" style=\"visibility:hidden;background:transparent;padding:0;margin:0px auto;margin-top:0;margin-bottom:0;\">\n\t\t\t\t<rs-module id=\"rev_slider_9_1\" style=\"\" data-version=\"6.6.20\">\n\t\t\t\t\t<rs-slides style=\"overflow: hidden; position: absolute;\">\n\t\t\t\t\t\t<rs-slide style=\"position: absolute;\" data-key=\"rs-10\" data-title=\"Slide\" data-duration=\"6000\" data-anim=\"ms:600;r:0;\" data-in=\"o:0;\" data-out=\"a:false;\">\n\t\t\t\t\t\t\t<img decoding=\"async\" src=\"\/\/escape-artist.de\/wp-content\/plugins\/revslider\/public\/assets\/assets\/dummy.png\" alt=\"\" title=\"GiFt Cards\" class=\"rev-slidebg tp-rs-img rs-lazyload\" data-lazyload=\"\/\/escape-artist.de\/wp-content\/uploads\/2018\/10\/dreckig-dunkel-fabrik-162487.jpg\" data-parallax=\"7\" data-no-retina>\n<!--\n\t\t\t\t\t\t\t--><rs-layer\n\t\t\t\t\t\t\t\tid=\"slider-9-slide-10-layer-2\" \n\t\t\t\t\t\t\t\tdata-type=\"text\"\n\t\t\t\t\t\t\t\tdata-color=\"#ffffff\"\n\t\t\t\t\t\t\t\tdata-rsp_ch=\"on\"\n\t\t\t\t\t\t\t\tdata-xy=\"x:c;y:c;\"\n\t\t\t\t\t\t\t\tdata-text=\"s:40;l:50;a:center;\"\n\t\t\t\t\t\t\t\tdata-frame_0=\"o:1;tp:600;\"\n\t\t\t\t\t\t\t\tdata-frame_0_chars=\"d:10;o:0;\"\n\t\t\t\t\t\t\t\tdata-frame_1=\"tp:600;sp:1500;sR:10;\"\n\t\t\t\t\t\t\t\tdata-frame_1_chars=\"d:10;\"\n\t\t\t\t\t\t\t\tdata-frame_999=\"o:0;st:w;sp:1500;sR:3890;\"\n\t\t\t\t\t\t\t\tstyle=\"z-index:10;font-family:'Roboto';\"\n\t\t\t\t\t\t\t>GiFt Cards \n\t\t\t\t\t\t\t<\/rs-layer><!--\n\n\t\t\t\t\t\t\t--><rs-layer\n\t\t\t\t\t\t\t\tid=\"slider-9-slide-10-layer-3\" \n\t\t\t\t\t\t\t\tclass=\"tp-shape tp-shapewrapper rs-pxl-5\"\n\t\t\t\t\t\t\t\tdata-type=\"shape\"\n\t\t\t\t\t\t\t\tdata-rsp_ch=\"on\"\n\t\t\t\t\t\t\t\tdata-xy=\"x:c;y:c;\"\n\t\t\t\t\t\t\t\tdata-text=\"a:inherit;\"\n\t\t\t\t\t\t\t\tdata-dim=\"w:1051px;h:106px;\"\n\t\t\t\t\t\t\t\tdata-frame_0=\"tp:600;\"\n\t\t\t\t\t\t\t\tdata-frame_1=\"tp:600;sR:10;\"\n\t\t\t\t\t\t\t\tdata-frame_999=\"o:0;tp:600;st:w;sR:5690;\"\n\t\t\t\t\t\t\t\tstyle=\"z-index:8;background:linear-gradient(90deg, rgba(2,2,2,0.1) 0%, rgba(2,2,2,0.1) 10%, rgba(2,2,2,0.5) 30%, rgba(2,2,2,0.7) 40%, rgba(2,2,2,0.7) 60%, rgba(2,2,2,0.5) 70%, rgba(2,2,2,0.1) 90%, rgba(2,2,2,0.1) 100%);\"\n\t\t\t\t\t\t\t> \n\t\t\t\t\t\t\t<\/rs-layer><!--\n-->\t\t\t\t\t\t<\/rs-slide>\n\t\t\t\t\t<\/rs-slides>\n\t\t\t\t<\/rs-module>\n\t\t\t\t<script>\n\t\t\t\t\tsetREVStartSize({c: 'rev_slider_9_1',rl:[1240,1024,778,480],el:[568],gw:[1240],gh:[568],type:'standard',justify:'',layout:'fullwidth',mh:\"0\"});if (window.RS_MODULES!==undefined && window.RS_MODULES.modules!==undefined && window.RS_MODULES.modules[\"revslider91\"]!==undefined) {window.RS_MODULES.modules[\"revslider91\"].once = false;window.revapi9 = undefined;if (window.RS_MODULES.checkMinimal!==undefined) window.RS_MODULES.checkMinimal()}\n\t\t\t\t<\/script>\n\t\t\t<\/rs-module-wrap>\n\t\t\t<!-- END REVOLUTION SLIDER -->\n<\/div><\/div><\/div><\/div><\/div><\/section><!-- Row Backgrounds --><div class=\"upb_color\" data-bg-override=\"0\" data-bg-color=\"\" data-fadeout=\"\" data-fadeout-percentage=\"30\" data-parallax-content=\"\" data-parallax-content-sense=\"30\" data-row-effect-mobile-disable=\"true\" data-img-parallax-mobile-disable=\"true\" data-rtl=\"false\"  data-custom-vc-row=\"\"  data-vc=\"7.4\"  data-is_old_vc=\"\"  data-theme-support=\"\"   data-overlay=\"false\" data-overlay-color=\"\" data-overlay-pattern=\"\" data-overlay-pattern-opacity=\"\" data-overlay-pattern-size=\"\"    data-seperator=\"true\"  data-seperator-type=\"multi_triangle_seperator\"  data-seperator-shape-size=\"40\"  data-seperator-svg-height=\"60\"  data-seperator-full-width=\"true\" data-seperator-position=\"bottom_seperator\"  data-seperator-background-color=\"#fff\"  data-icon=\"\"  ><\/div><section class=\"l-section wpb_row height_medium gutscheine-section\"><div class=\"l-section-h i-cf\"><div class=\"g-cols vc_row type_default valign_top\"><div class=\"vc_col-sm-12 wpb_column vc_column_container\"><div class=\"vc_column-inner\"><div class=\"wpb_wrapper\"><div class=\"wpb_text_column\"><div class=\"wpb_wrapper\"><p>Dear Adventurers,<\/p>\n<p>Here you can easily buy  online a gift card of your choice.<\/p>\n<p><strong>The gift card is conveniently sent by email - no annoying waiting for the postman!<\/strong><\/p>\n<\/div><\/div><\/div><\/div><\/div><\/div><\/div><\/section><section class=\"l-section wpb_row height_medium\"><div class=\"l-section-h i-cf\"><div class=\"g-cols vc_row type_default valign_top\"><div class=\"vc_col-sm-12 wpb_column vc_column_container\"><div class=\"vc_column-inner\"><div class=\"wpb_wrapper\"><div class=\"wpb_text_column\"><div class=\"wpb_wrapper\"><p><script src=\"https:\/\/cdn.quinbook.com\/shop.js\" data-shopid=\"17693c91d9204b7a7646284bb3adb603\"><\/script><\/p>\n<\/div><\/div><\/div><\/div><\/div><\/div><\/div><\/section>\n<\/div>","protected":false},"excerpt":{"rendered":"Gutscheine Liebe Abenteurer, hier k\u00f6nnt ihr bequem online einen Gutschein Eurer Wahl kaufen. Der Gutschein wird bequem per Email versandt &#8211; keine l\u00e4stige Wartezeit auf den Postmann!","protected":false},"author":1,"featured_media":0,"parent":0,"menu_order":0,"comment_status":"closed","ping_status":"closed","template":"","meta":{"footnotes":""},"class_list":["post-289","page","type-page","status-publish","hentry"],"yoast_head":"<!-- This site is optimized with the Yoast SEO plugin v23.8 - https:\/\/yoast.com\/wordpress\/plugins\/seo\/ -->\n<title>Escape Artist Gutscheine f\u00fcr euer einzigartiges Abenteuer<\/title>\n<meta name=\"description\" content=\"Liebe Abenteuerer hier k\u00f6nnt Ihr bequem Gutscheine f\u00fcr dich und deine Gruppe kaufen. Besuche unsere Seite und informiere dich ganz einifach.\" \/>\n<meta name=\"robots\" content=\"index, follow, max-snippet:-1, max-image-preview:large, max-video-preview:-1\" \/>\n<link rel=\"canonical\" href=\"https:\/\/escape-artist.de\/en\/gutscheine\/\" \/>\n<meta property=\"og:locale\" content=\"en_US\" \/>\n<meta property=\"og:type\" content=\"article\" \/>\n<meta property=\"og:title\" content=\"Escape Artist Gutscheine f\u00fcr euer einzigartiges Abenteuer\" \/>\n<meta property=\"og:description\" content=\"Liebe Abenteuerer hier k\u00f6nnt Ihr bequem Gutscheine f\u00fcr dich und deine Gruppe kaufen. Besuche unsere Seite und informiere dich ganz einifach.\" \/>\n<meta property=\"og:url\" content=\"https:\/\/escape-artist.de\/en\/gutscheine\/\" \/>\n<meta property=\"og:site_name\" content=\"Escape Artist\" \/>\n<meta property=\"article:modified_time\" content=\"2022-03-20T11:02:51+00:00\" \/>\n<meta name=\"twitter:card\" content=\"summary_large_image\" \/>\n<script type=\"application\/ld+json\" class=\"yoast-schema-graph\">{\"@context\":\"https:\/\/schema.org\",\"@graph\":[{\"@type\":\"WebPage\",\"@id\":\"https:\/\/escape-artist.de\/gutscheine\/\",\"url\":\"https:\/\/escape-artist.de\/gutscheine\/\",\"name\":\"Escape Artist Gutscheine f\u00fcr euer einzigartiges Abenteuer\",\"isPartOf\":{\"@id\":\"https:\/\/escape-artist.de\/#website\"},\"datePublished\":\"2018-11-20T10:57:22+00:00\",\"dateModified\":\"2022-03-20T11:02:51+00:00\",\"description\":\"Liebe Abenteuerer hier k\u00f6nnt Ihr bequem Gutscheine f\u00fcr dich und deine Gruppe kaufen. Besuche unsere Seite und informiere dich ganz einifach.\",\"breadcrumb\":{\"@id\":\"https:\/\/escape-artist.de\/gutscheine\/#breadcrumb\"},\"inLanguage\":\"en-US\",\"potentialAction\":[{\"@type\":\"ReadAction\",\"target\":[\"https:\/\/escape-artist.de\/gutscheine\/\"]}]},{\"@type\":\"BreadcrumbList\",\"@id\":\"https:\/\/escape-artist.de\/gutscheine\/#breadcrumb\",\"itemListElement\":[{\"@type\":\"ListItem\",\"position\":1,\"name\":\"Startseite\",\"item\":\"https:\/\/escape-artist.de\/\"},{\"@type\":\"ListItem\",\"position\":2,\"name\":\"Gutscheine\"}]},{\"@type\":\"WebSite\",\"@id\":\"https:\/\/escape-artist.de\/#website\",\"url\":\"https:\/\/escape-artist.de\/\",\"name\":\"Escape Artist\",\"description\":\"Come in and try to get out!\",\"potentialAction\":[{\"@type\":\"SearchAction\",\"target\":{\"@type\":\"EntryPoint\",\"urlTemplate\":\"https:\/\/escape-artist.de\/?s={search_term_string}\"},\"query-input\":{\"@type\":\"PropertyValueSpecification\",\"valueRequired\":true,\"valueName\":\"search_term_string\"}}],\"inLanguage\":\"en-US\"}]}<\/script>\n<!-- \/ Yoast SEO plugin. -->","yoast_head_json":{"title":"Escape Artist Gutscheine f\u00fcr euer einzigartiges Abenteuer","description":"Liebe Abenteuerer hier k\u00f6nnt Ihr bequem Gutscheine f\u00fcr dich und deine Gruppe kaufen. Besuche unsere Seite und informiere dich ganz einifach.","robots":{"index":"index","follow":"follow","max-snippet":"max-snippet:-1","max-image-preview":"max-image-preview:large","max-video-preview":"max-video-preview:-1"},"canonical":"https:\/\/escape-artist.de\/en\/gutscheine\/","og_locale":"en_US","og_type":"article","og_title":"Escape Artist Gutscheine f\u00fcr euer einzigartiges Abenteuer","og_description":"Liebe Abenteuerer hier k\u00f6nnt Ihr bequem Gutscheine f\u00fcr dich und deine Gruppe kaufen. Besuche unsere Seite und informiere dich ganz einifach.","og_url":"https:\/\/escape-artist.de\/en\/gutscheine\/","og_site_name":"Escape Artist","article_modified_time":"2022-03-20T11:02:51+00:00","twitter_card":"summary_large_image","schema":{"@context":"https:\/\/schema.org","@graph":[{"@type":"WebPage","@id":"https:\/\/escape-artist.de\/gutscheine\/","url":"https:\/\/escape-artist.de\/gutscheine\/","name":"Escape Artist Gutscheine f\u00fcr euer einzigartiges Abenteuer","isPartOf":{"@id":"https:\/\/escape-artist.de\/#website"},"datePublished":"2018-11-20T10:57:22+00:00","dateModified":"2022-03-20T11:02:51+00:00","description":"Liebe Abenteuerer hier k\u00f6nnt Ihr bequem Gutscheine f\u00fcr dich und deine Gruppe kaufen. Besuche unsere Seite und informiere dich ganz einifach.","breadcrumb":{"@id":"https:\/\/escape-artist.de\/gutscheine\/#breadcrumb"},"inLanguage":"en-US","potentialAction":[{"@type":"ReadAction","target":["https:\/\/escape-artist.de\/gutscheine\/"]}]},{"@type":"BreadcrumbList","@id":"https:\/\/escape-artist.de\/gutscheine\/#breadcrumb","itemListElement":[{"@type":"ListItem","position":1,"name":"Startseite","item":"https:\/\/escape-artist.de\/"},{"@type":"ListItem","position":2,"name":"Gutscheine"}]},{"@type":"WebSite","@id":"https:\/\/escape-artist.de\/#website","url":"https:\/\/escape-artist.de\/","name":"Escape Artist","description":"Come in and try to get out!","potentialAction":[{"@type":"SearchAction","target":{"@type":"EntryPoint","urlTemplate":"https:\/\/escape-artist.de\/?s={search_term_string}"},"query-input":{"@type":"PropertyValueSpecification","valueRequired":true,"valueName":"search_term_string"}}],"inLanguage":"en-US"}]}},"_links":{"self":[{"href":"https:\/\/escape-artist.de\/en\/wp-json\/wp\/v2\/pages\/289"}],"collection":[{"href":"https:\/\/escape-artist.de\/en\/wp-json\/wp\/v2\/pages"}],"about":[{"href":"https:\/\/escape-artist.de\/en\/wp-json\/wp\/v2\/types\/page"}],"author":[{"embeddable":true,"href":"https:\/\/escape-artist.de\/en\/wp-json\/wp\/v2\/users\/1"}],"replies":[{"embeddable":true,"href":"https:\/\/escape-artist.de\/en\/wp-json\/wp\/v2\/comments?post=289"}],"version-history":[{"count":10,"href":"https:\/\/escape-artist.de\/en\/wp-json\/wp\/v2\/pages\/289\/revisions"}],"predecessor-version":[{"id":924,"href":"https:\/\/escape-artist.de\/en\/wp-json\/wp\/v2\/pages\/289\/revisions\/924"}],"wp:attachment":[{"href":"https:\/\/escape-artist.de\/en\/wp-json\/wp\/v2\/media?parent=289"}],"curies":[{"name":"wp","href":"https:\/\/api.w.org\/{rel}","templated":true}]}}